{"id":860,"date":"2025-10-21T14:39:25","date_gmt":"2025-10-21T12:39:25","guid":{"rendered":"https:\/\/conextur.com\/app\/?post_type=product&#038;p=860"},"modified":"2025-10-21T14:46:51","modified_gmt":"2025-10-21T12:46:51","slug":"rio-vistula-el-alma-natural-de-polonia","status":"publish","type":"product","link":"https:\/\/conextur.com\/app\/producto\/rio-vistula-el-alma-natural-de-polonia\/","title":{"rendered":"R\u00edo V\u00edstula: el alma natural de Polonia"},"content":{"rendered":"<h3 data-start=\"704\" data-end=\"741\">Qu\u00e9 ver y hacer en el r\u00edo V\u00edstula<\/h3>\n<p data-start=\"743\" data-end=\"828\">El V\u00edstula ofrece una gran variedad de experiencias tur\u00edsticas para todos los gustos:<\/p>\n<p data-start=\"743\" data-end=\"828\">\ud83d\udea4 <strong data-start=\"835\" data-end=\"875\">Paseos en barco o cruceros fluviales<\/strong> por Varsovia y Cracovia, perfectos para disfrutar de vistas panor\u00e1micas al atardecer.<\/p>\n<p data-start=\"743\" data-end=\"828\">\ud83d\udeb4\u200d\u2640\ufe0f <strong data-start=\"972\" data-end=\"997\">Rutas ciclotur\u00edsticas<\/strong> a lo largo de la \u201c<strong data-start=\"1016\" data-end=\"1032\">Velo V\u00edstula<\/strong>\u201d, una de las rutas ciclistas m\u00e1s populares de Europa Central.<\/p>\n<p data-start=\"743\" data-end=\"828\">\ud83d\udc26 <strong data-start=\"1102\" data-end=\"1139\">Observaci\u00f3n de fauna y naturaleza<\/strong> en los tramos rurales del r\u00edo, hogar de aves protegidas y reservas naturales.<\/p>\n<p data-start=\"743\" data-end=\"828\">\ud83c\udff0 <strong data-start=\"1225\" data-end=\"1247\">Visitas culturales<\/strong> a las ciudades hist\u00f3ricas que se desarrollaron a orillas del r\u00edo, muchas de ellas declaradas <strong data-start=\"1341\" data-end=\"1385\">Patrimonio de la Humanidad por la UNESCO<\/strong>.<\/p>\n<p>&nbsp;<\/p>\n<p>&nbsp;<\/p>\n","protected":false},"excerpt":{"rendered":"<p>El <strong data-start=\"287\" data-end=\"302\">r\u00edo V\u00edstula<\/strong> (<em data-start=\"304\" data-end=\"311\">Wis\u0142a<\/em> en polaco) es el <strong data-start=\"329\" data-end=\"357\">r\u00edo m\u00e1s largo de Polonia<\/strong>, con m\u00e1s de <strong data-start=\"370\" data-end=\"403\">1.000 kil\u00f3metros de recorrido<\/strong> desde las monta\u00f1as de los C\u00e1rpatos hasta el mar B\u00e1ltico. A lo largo de su curso, atraviesa algunas de las <strong data-start=\"510\" data-end=\"554\">ciudades m\u00e1s bellas y llenas de historia<\/strong> del pa\u00eds, como <strong data-start=\"570\" data-end=\"608\">Cracovia, Varsovia, Toru\u0144 y Gda\u0144sk<\/strong>, convirti\u00e9ndose en un eje natural, cultural y tur\u00edstico que refleja la identidad polaca.<\/p>\n","protected":false},"featured_media":862,"comment_status":"open","ping_status":"closed","template":"","meta":[],"product_brand":[],"product_cat":[209],"product_tag":[238,239],"class_list":{"0":"post-860","1":"product","2":"type-product","3":"status-publish","4":"has-post-thumbnail","6":"product_cat-polonia","7":"product_tag-cruceros-por-el-vistula","8":"product_tag-turismo-polonia","10":"first","11":"instock","12":"virtual","13":"sold-individually","14":"purchasable","15":"product-type-booking"},"_links":{"self":[{"href":"https:\/\/conextur.com\/app\/wp-json\/wp\/v2\/product\/860","targetHints":{"allow":["GET"]}}],"collection":[{"href":"https:\/\/conextur.com\/app\/wp-json\/wp\/v2\/product"}],"about":[{"href":"https:\/\/conextur.com\/app\/wp-json\/wp\/v2\/types\/product"}],"replies":[{"embeddable":true,"href":"https:\/\/conextur.com\/app\/wp-json\/wp\/v2\/comments?post=860"}],"wp:featuredmedia":[{"embeddable":true,"href":"https:\/\/conextur.com\/app\/wp-json\/wp\/v2\/media\/862"}],"wp:attachment":[{"href":"https:\/\/conextur.com\/app\/wp-json\/wp\/v2\/media?parent=860"}],"wp:term":[{"taxonomy":"product_brand","embeddable":true,"href":"https:\/\/conextur.com\/app\/wp-json\/wp\/v2\/product_brand?post=860"},{"taxonomy":"product_cat","embeddable":true,"href":"https:\/\/conextur.com\/app\/wp-json\/wp\/v2\/product_cat?post=860"},{"taxonomy":"product_tag","embeddable":true,"href":"https:\/\/conextur.com\/app\/wp-json\/wp\/v2\/product_tag?post=860"}],"curies":[{"name":"wp","href":"https:\/\/api.w.org\/{rel}","templated":true}]}}