{"id":848,"date":"2025-10-21T12:42:42","date_gmt":"2025-10-21T10:42:42","guid":{"rendered":"https:\/\/conextur.com\/app\/?post_type=product&#038;p=848"},"modified":"2025-10-21T13:08:05","modified_gmt":"2025-10-21T11:08:05","slug":"cuevas-de-san-jose-un-paraiso-subterraneo-en-la-vall-duixo","status":"publish","type":"product","link":"https:\/\/conextur.com\/app\/producto\/cuevas-de-san-jose-un-paraiso-subterraneo-en-la-vall-duixo\/","title":{"rendered":"Cuevas de San Jos\u00e9: un para\u00edso subterr\u00e1neo en la Vall d\u2019Uix\u00f3"},"content":{"rendered":"<h3 style=\"text-align: left\" data-start=\"650\" data-end=\"687\">Qu\u00e9 ver en las Cuevas de San Jos\u00e9<\/h3>\n<p style=\"text-align: left\" data-start=\"689\" data-end=\"1008\">Durante la visita, los visitantes realizan un <strong data-start=\"735\" data-end=\"787\">recorrido en barca de aproximadamente 800 metros<\/strong>, guiados por expertos que revelan los secretos geol\u00f3gicos y arqueol\u00f3gicos del lugar. Las formaciones de estalactitas y estalagmitas crean un paisaje espectacular, acompa\u00f1ado por un ambiente de silencio y belleza natural.<\/p>\n<p style=\"text-align: left\" data-start=\"1010\" data-end=\"1205\">El recorrido tambi\u00e9n incluye un <strong data-start=\"1042\" data-end=\"1057\">tramo a pie<\/strong>, en el que se pueden observar pinturas rupestres declaradas <strong data-start=\"1118\" data-end=\"1154\">Patrimonio Mundial por la UNESCO<\/strong>, testimonio de los primeros habitantes de la zona.<\/p>\n<h3 style=\"text-align: left\" data-start=\"1207\" data-end=\"1237\">Actividades y experiencias<\/h3>\n<p style=\"text-align: left\" data-start=\"1239\" data-end=\"1317\">Adem\u00e1s del recorrido subterr\u00e1neo, el entorno de las Cuevas de San Jos\u00e9 ofrece:<\/p>\n<p style=\"text-align: left\">\n<ul data-start=\"1318\" data-end=\"1518\">\n<li style=\"text-align: left\" data-start=\"1318\" data-end=\"1392\">\n<p data-start=\"1320\" data-end=\"1392\"><strong data-start=\"1320\" data-end=\"1343\">Rutas de senderismo<\/strong> por el Parque Natural de la Sierra de Espad\u00e1n.<\/p>\n<\/li>\n<li style=\"text-align: left\" data-start=\"1393\" data-end=\"1457\">\n<p data-start=\"1395\" data-end=\"1457\"><strong data-start=\"1395\" data-end=\"1416\">Gastronom\u00eda local<\/strong> en los restaurantes de la Vall d\u2019Uix\u00f3.<\/p>\n<\/li>\n<li data-start=\"1458\" data-end=\"1518\">\n<p style=\"text-align: left\" data-start=\"1460\" data-end=\"1518\"><strong data-start=\"1460\" data-end=\"1482\">Eventos culturales<\/strong> y festivales durante todo el a\u00f1o.<\/p>\n<\/li>\n<\/ul>\n","protected":false},"excerpt":{"rendered":"<p>Las <strong>Cuevas de San Jos\u00e9<\/strong>, situadas en la Vall d\u2019Uix\u00f3 (Castell\u00f3n, Comunidad Valenciana), son uno de los tesoros naturales m\u00e1s impresionantes de Espa\u00f1a. En su interior se encuentra el r\u00edo subterr\u00e1neo navegable m\u00e1s largo de Europa, un lugar m\u00e1gico donde la naturaleza, la historia y la aventura se unen en una experiencia \u00fanica.<\/p>\n","protected":false},"featured_media":849,"comment_status":"open","ping_status":"closed","template":"","meta":[],"product_brand":[],"product_cat":[16],"product_tag":[234,233],"class_list":{"0":"post-848","1":"product","2":"type-product","3":"status-publish","4":"has-post-thumbnail","6":"product_cat-sin-categorizar","7":"product_tag-cuevas-de-san-jose","8":"product_tag-turismo-castellon","10":"first","11":"instock","12":"virtual","13":"sold-individually","14":"purchasable","15":"product-type-booking"},"_links":{"self":[{"href":"https:\/\/conextur.com\/app\/wp-json\/wp\/v2\/product\/848","targetHints":{"allow":["GET"]}}],"collection":[{"href":"https:\/\/conextur.com\/app\/wp-json\/wp\/v2\/product"}],"about":[{"href":"https:\/\/conextur.com\/app\/wp-json\/wp\/v2\/types\/product"}],"replies":[{"embeddable":true,"href":"https:\/\/conextur.com\/app\/wp-json\/wp\/v2\/comments?post=848"}],"wp:featuredmedia":[{"embeddable":true,"href":"https:\/\/conextur.com\/app\/wp-json\/wp\/v2\/media\/849"}],"wp:attachment":[{"href":"https:\/\/conextur.com\/app\/wp-json\/wp\/v2\/media?parent=848"}],"wp:term":[{"taxonomy":"product_brand","embeddable":true,"href":"https:\/\/conextur.com\/app\/wp-json\/wp\/v2\/product_brand?post=848"},{"taxonomy":"product_cat","embeddable":true,"href":"https:\/\/conextur.com\/app\/wp-json\/wp\/v2\/product_cat?post=848"},{"taxonomy":"product_tag","embeddable":true,"href":"https:\/\/conextur.com\/app\/wp-json\/wp\/v2\/product_tag?post=848"}],"curies":[{"name":"wp","href":"https:\/\/api.w.org\/{rel}","templated":true}]}}