{"id":823,"date":"2025-10-15T14:16:16","date_gmt":"2025-10-15T12:16:16","guid":{"rendered":"https:\/\/conextur.com\/app\/?post_type=product&#038;p=823"},"modified":"2025-10-15T14:24:35","modified_gmt":"2025-10-15T12:24:35","slug":"tour-a-essaouira-dia-completo-desde-marrakech","status":"publish","type":"product","link":"https:\/\/conextur.com\/app\/producto\/tour-a-essaouira-dia-completo-desde-marrakech\/","title":{"rendered":"Tour a Essaouira: D\u00eda Completo desde Marrakech"},"content":{"rendered":"<p>&#8220;Deje el bullicio de Marrakech por un d\u00eda y sum\u00e9rjase en la atm\u00f3sfera relajada y con brisa marina de Essaouira. Nuestra excursi\u00f3n a Essaouira desde Marrakech est\u00e1 dise\u00f1ada para que disfrute de lo mejor de esta joya costera: su medina azul y blanca, Patrimonio de la Humanidad por la UNESCO, su impresionante muralla fortificada, su vibrante puerto pesquero y sus interminables playas ideales para un paseo. Es el escape perfecto para disfrutar del frescor del Oc\u00e9ano Atl\u00e1ntico.&#8221;<\/p>\n","protected":false},"excerpt":{"rendered":"<p>Esc\u00e1pate a la costa atl\u00e1ntica. Tour a Essaouira desde Marrakech: recogida, transporte, tiempo libre en la medina y playa. \u00a1Descubre la &#8220;Ciudad del Viento&#8221;! Mejor precio garantizado.<\/p>\n","protected":false},"featured_media":829,"comment_status":"open","ping_status":"closed","template":"","meta":[],"product_brand":[],"product_cat":[148],"product_tag":[231,232],"class_list":{"0":"post-823","1":"product","2":"type-product","3":"status-publish","4":"has-post-thumbnail","6":"product_cat-marrakech","7":"product_tag-excursion-essaouirat","8":"product_tag-turismo-en-marruecos","10":"first","11":"instock","12":"virtual","13":"sold-individually","14":"purchasable","15":"product-type-booking"},"_links":{"self":[{"href":"https:\/\/conextur.com\/app\/wp-json\/wp\/v2\/product\/823","targetHints":{"allow":["GET"]}}],"collection":[{"href":"https:\/\/conextur.com\/app\/wp-json\/wp\/v2\/product"}],"about":[{"href":"https:\/\/conextur.com\/app\/wp-json\/wp\/v2\/types\/product"}],"replies":[{"embeddable":true,"href":"https:\/\/conextur.com\/app\/wp-json\/wp\/v2\/comments?post=823"}],"wp:featuredmedia":[{"embeddable":true,"href":"https:\/\/conextur.com\/app\/wp-json\/wp\/v2\/media\/829"}],"wp:attachment":[{"href":"https:\/\/conextur.com\/app\/wp-json\/wp\/v2\/media?parent=823"}],"wp:term":[{"taxonomy":"product_brand","embeddable":true,"href":"https:\/\/conextur.com\/app\/wp-json\/wp\/v2\/product_brand?post=823"},{"taxonomy":"product_cat","embeddable":true,"href":"https:\/\/conextur.com\/app\/wp-json\/wp\/v2\/product_cat?post=823"},{"taxonomy":"product_tag","embeddable":true,"href":"https:\/\/conextur.com\/app\/wp-json\/wp\/v2\/product_tag?post=823"}],"curies":[{"name":"wp","href":"https:\/\/api.w.org\/{rel}","templated":true}]}}