{"id":810,"date":"2025-10-15T11:38:17","date_gmt":"2025-10-15T09:38:17","guid":{"rendered":"https:\/\/conextur.com\/app\/?post_type=product&#038;p=810"},"modified":"2025-10-15T11:47:12","modified_gmt":"2025-10-15T09:47:12","slug":"viaje-a-las-cataratas-de-ouzoud","status":"publish","type":"product","link":"https:\/\/conextur.com\/app\/producto\/viaje-a-las-cataratas-de-ouzoud\/","title":{"rendered":"Viaje a las Cataratas de Ouzoud"},"content":{"rendered":"<p>\ud83c\udfde\ufe0f Qu\u00e9 ver y hacer<\/p>\n<p>Senderismo y miradores panor\u00e1micos<br \/>\nHay varios caminos se\u00f1alizados que permiten descender hasta la base de las cascadas o subir hasta los miradores superiores. Las vistas son impresionantes y perfectas para fotograf\u00edas.<\/p>\n<p>Paseo en barca tradicional<br \/>\nEn la base de las cascadas, los locales ofrecen paseos en peque\u00f1as barcas que se acercan hasta la ca\u00edda principal del agua.<\/p>\n<p>Avistamiento de monos<br \/>\nLa zona est\u00e1 habitada por monos macacos de Berber\u00eda, una especie muy sociable que suele acercarse a los visitantes (aunque no se recomienda alimentarlos).<\/p>\n<p>Ba\u00f1arse en el r\u00edo<br \/>\nDurante los meses c\u00e1lidos (de mayo a septiembre), muchos visitantes se ba\u00f1an en las pozas naturales formadas por el r\u00edo El-Abid.<\/p>\n<p>Gastronom\u00eda local<br \/>\nHay varios restaurantes y caf\u00e9s tradicionales con terrazas frente a las cascadas donde se puede disfrutar de platos t\u00edpicos marroqu\u00edes como el tajine, el cusc\u00fas o el t\u00e9 a la menta.<\/p>\n","protected":false},"excerpt":{"rendered":"<p>Las Cascadas de Ouzoud son las cataratas m\u00e1s altas y famosas de Marruecos, con una ca\u00edda de agua de m\u00e1s de 110 metros. Est\u00e1n rodeadas de un paisaje espectacular formado por monta\u00f1as, olivares y peque\u00f1os pueblos bereberes.<br \/>\nEl nombre \u201cOuzoud\u201d significa \u201caceituna\u201d en bereber, en referencia a los numerosos olivos que crecen en la zona.<\/p>\n","protected":false},"featured_media":811,"comment_status":"open","ping_status":"closed","template":"","meta":[],"product_brand":[],"product_cat":[148],"product_tag":[229,230],"class_list":{"0":"post-810","1":"product","2":"type-product","3":"status-publish","4":"has-post-thumbnail","6":"product_cat-marrakech","7":"product_tag-excursion-a-ouzoud","8":"product_tag-turismo-natural","10":"first","11":"instock","12":"virtual","13":"sold-individually","14":"purchasable","15":"product-type-booking"},"_links":{"self":[{"href":"https:\/\/conextur.com\/app\/wp-json\/wp\/v2\/product\/810","targetHints":{"allow":["GET"]}}],"collection":[{"href":"https:\/\/conextur.com\/app\/wp-json\/wp\/v2\/product"}],"about":[{"href":"https:\/\/conextur.com\/app\/wp-json\/wp\/v2\/types\/product"}],"replies":[{"embeddable":true,"href":"https:\/\/conextur.com\/app\/wp-json\/wp\/v2\/comments?post=810"}],"wp:featuredmedia":[{"embeddable":true,"href":"https:\/\/conextur.com\/app\/wp-json\/wp\/v2\/media\/811"}],"wp:attachment":[{"href":"https:\/\/conextur.com\/app\/wp-json\/wp\/v2\/media?parent=810"}],"wp:term":[{"taxonomy":"product_brand","embeddable":true,"href":"https:\/\/conextur.com\/app\/wp-json\/wp\/v2\/product_brand?post=810"},{"taxonomy":"product_cat","embeddable":true,"href":"https:\/\/conextur.com\/app\/wp-json\/wp\/v2\/product_cat?post=810"},{"taxonomy":"product_tag","embeddable":true,"href":"https:\/\/conextur.com\/app\/wp-json\/wp\/v2\/product_tag?post=810"}],"curies":[{"name":"wp","href":"https:\/\/api.w.org\/{rel}","templated":true}]}}