{"id":739,"date":"2025-10-07T18:58:40","date_gmt":"2025-10-07T16:58:40","guid":{"rendered":"https:\/\/conextur.com\/app\/?post_type=product&#038;p=739"},"modified":"2025-10-07T19:21:09","modified_gmt":"2025-10-07T17:21:09","slug":"experiencia-en-mont-saint-michel","status":"publish","type":"product","link":"https:\/\/conextur.com\/app\/producto\/experiencia-en-mont-saint-michel\/","title":{"rendered":"Experiencia en Mont Saint Michel"},"content":{"rendered":"<p>\ud83c\udf05 Descubre la magia del Mont Saint-Michel<\/p>\n<p>Durante tu visita, recorrer\u00e1s las estrechas calles empedradas del pueblo medieval, sus murallas defensivas y la imponente Abad\u00eda benedictina, una joya de la arquitectura g\u00f3tica declarada Patrimonio de la Humanidad por la UNESCO.<br \/>\nDesde su cima, disfrutar\u00e1s de vistas espectaculares de la bah\u00eda, donde las mareas m\u00e1s altas de Europa ofrecen un espect\u00e1culo natural \u00fanico.<\/p>\n<p>Nuestros tours al Mont Saint-Michel te permitir\u00e1n conocer su historia, sus leyendas y su importancia espiritual como uno de los centros de peregrinaci\u00f3n m\u00e1s antiguos de Europa.<\/p>\n<p>\ud83d\ude8c Excursi\u00f3n desde Par\u00eds<\/p>\n<p>El Mont Saint-Michel se encuentra a unas 4 horas de Par\u00eds, lo que lo convierte en una escapada perfecta para un tour de d\u00eda completo.<br \/>\nOfrecemos salidas diarias con transporte c\u00f3modo, gu\u00eda en espa\u00f1ol y entradas incluidas. Tambi\u00e9n puedes optar por tours privados o visitas combinadas con otros destinos de Normand\u00eda.<\/p>\n","protected":false},"excerpt":{"rendered":"<p>Descubre el Mont Saint-Michel con una excursi\u00f3n desde Par\u00eds. Incluye transporte, gu\u00eda en espa\u00f1ol y entrada a la Abad\u00eda. Vive la magia medieval de Normand\u00eda y disfruta de un paisaje \u00fanico.<\/p>\n","protected":false},"featured_media":743,"comment_status":"open","ping_status":"closed","template":"","meta":[],"product_brand":[],"product_cat":[146],"product_tag":[211,212],"class_list":{"0":"post-739","1":"product","2":"type-product","3":"status-publish","4":"has-post-thumbnail","6":"product_cat-paris","7":"product_tag-descubre-el-mont-saint-michel","8":"product_tag-ruta-por-normandia","10":"first","11":"instock","12":"virtual","13":"sold-individually","14":"purchasable","15":"product-type-booking"},"_links":{"self":[{"href":"https:\/\/conextur.com\/app\/wp-json\/wp\/v2\/product\/739","targetHints":{"allow":["GET"]}}],"collection":[{"href":"https:\/\/conextur.com\/app\/wp-json\/wp\/v2\/product"}],"about":[{"href":"https:\/\/conextur.com\/app\/wp-json\/wp\/v2\/types\/product"}],"replies":[{"embeddable":true,"href":"https:\/\/conextur.com\/app\/wp-json\/wp\/v2\/comments?post=739"}],"wp:featuredmedia":[{"embeddable":true,"href":"https:\/\/conextur.com\/app\/wp-json\/wp\/v2\/media\/743"}],"wp:attachment":[{"href":"https:\/\/conextur.com\/app\/wp-json\/wp\/v2\/media?parent=739"}],"wp:term":[{"taxonomy":"product_brand","embeddable":true,"href":"https:\/\/conextur.com\/app\/wp-json\/wp\/v2\/product_brand?post=739"},{"taxonomy":"product_cat","embeddable":true,"href":"https:\/\/conextur.com\/app\/wp-json\/wp\/v2\/product_cat?post=739"},{"taxonomy":"product_tag","embeddable":true,"href":"https:\/\/conextur.com\/app\/wp-json\/wp\/v2\/product_tag?post=739"}],"curies":[{"name":"wp","href":"https:\/\/api.w.org\/{rel}","templated":true}]}}