{"id":707,"date":"2025-10-03T14:37:27","date_gmt":"2025-10-03T12:37:27","guid":{"rendered":"https:\/\/conextur.com\/app\/?post_type=product&#038;p=707"},"modified":"2025-10-03T14:47:55","modified_gmt":"2025-10-03T12:47:55","slug":"recorrido-por-chefchaouen-la-ciudad-azul","status":"publish","type":"product","link":"https:\/\/conextur.com\/app\/producto\/recorrido-por-chefchaouen-la-ciudad-azul\/","title":{"rendered":"Recorrido por Chefchaouen la ciudad azul"},"content":{"rendered":"<p>\u00bfPor qu\u00e9 es Azul Chefchaouen?<br \/>\nExisten varias teor\u00edas, lo que a\u00f1ade misterio a su encanto:<\/p>\n<p>Tradici\u00f3n Jud\u00eda: La comunidad jud\u00eda sefard\u00ed que se refugi\u00f3 aqu\u00ed en el siglo XV pintaba de azul (tekhelet) para recordar la divinidad de Dios.<br \/>\nEspiritualidad: El azul simboliza el cielo y el para\u00edso, creando una atm\u00f3sfera de paz y reflexi\u00f3n.<br \/>\nPr\u00e1ctica: Se dice que el azul ahuyenta a los mosquitos.<br \/>\nResultado: La combinaci\u00f3n de todas estas razones ha creado una tradici\u00f3n que los habitantes mantienen viva.<\/p>\n<p>Atracciones y Experiencias Imprescindibles<br \/>\nPerderse en la Medina Azul: El principal atractivo. Deja el mapa y simplemente camina, descubre rincones fotog\u00e9nicos, puertas decoradas y callejones escondidos.<br \/>\nLa Plaza Uta el-Hammam: El coraz\u00f3n de la ciudad, llena de caf\u00e9s y restaurantes. Es el lugar perfecto para tomar un t\u00e9 menta y observar la vida local.<br \/>\nLa Kasbah: Un fortaleza del siglo XV ubicada en la plaza principal. Alberga un museo etnogr\u00e1fico y un frondoso jard\u00edn interior. Las vistas desde sus murallas son espectaculares.<br \/>\nLa Mezquita Grande y el Torre\u00f3n: Situados junto a la kasbah, ofrecen una estampa ic\u00f3nica de la ciudad con las monta\u00f1as de fondo.<br \/>\nLa Fuente Ras el-Maa: Un manantial natural a las afueras de la medina, donde las mujeres locales lavan la ropa. Es un lugar muy tranquilo y con mucho ambiente.<br \/>\nCompras y Artesan\u00eda: Chefchaouen es famosa por sus productos de lana (mantas, jellabas) y por su artesan\u00eda en cuero. El regateo es m\u00e1s relajado que en Marrakech.<\/p>\n","protected":false},"excerpt":{"rendered":"<p>Chefchaouen (o Chaouen), conocida como &#8220;La Ciudad Azul&#8221;, es una joya enclavada en las monta\u00f1as de la cordillera del Rif, en el norte de Marruecos. No es solo un destino; es una experiencia sensorial. Su medina (casco antiguo) es un laberinto de callejuelas empedradas y escalinatas, donde todas las paredes, puertas y ventanas est\u00e1n pintadas en una deslumbrante variedad de tonos azules, creando un ambiente de paz y belleza surrealista. Es un lugar para perderse, fotografiar y desconectar del mundo.<\/p>\n","protected":false},"featured_media":711,"comment_status":"open","ping_status":"closed","template":"","meta":[],"product_brand":[],"product_cat":[148],"product_tag":[196,194,195],"class_list":{"0":"post-707","1":"product","2":"type-product","3":"status-publish","4":"has-post-thumbnail","6":"product_cat-marrakech","7":"product_tag-chefchaouen-la-ciudad-azul","8":"product_tag-ciudad-de-chefchaouen","9":"product_tag-turismo-en-chefchaouen","11":"first","12":"instock","13":"virtual","14":"sold-individually","15":"purchasable","16":"product-type-booking"},"_links":{"self":[{"href":"https:\/\/conextur.com\/app\/wp-json\/wp\/v2\/product\/707","targetHints":{"allow":["GET"]}}],"collection":[{"href":"https:\/\/conextur.com\/app\/wp-json\/wp\/v2\/product"}],"about":[{"href":"https:\/\/conextur.com\/app\/wp-json\/wp\/v2\/types\/product"}],"replies":[{"embeddable":true,"href":"https:\/\/conextur.com\/app\/wp-json\/wp\/v2\/comments?post=707"}],"wp:featuredmedia":[{"embeddable":true,"href":"https:\/\/conextur.com\/app\/wp-json\/wp\/v2\/media\/711"}],"wp:attachment":[{"href":"https:\/\/conextur.com\/app\/wp-json\/wp\/v2\/media?parent=707"}],"wp:term":[{"taxonomy":"product_brand","embeddable":true,"href":"https:\/\/conextur.com\/app\/wp-json\/wp\/v2\/product_brand?post=707"},{"taxonomy":"product_cat","embeddable":true,"href":"https:\/\/conextur.com\/app\/wp-json\/wp\/v2\/product_cat?post=707"},{"taxonomy":"product_tag","embeddable":true,"href":"https:\/\/conextur.com\/app\/wp-json\/wp\/v2\/product_tag?post=707"}],"curies":[{"name":"wp","href":"https:\/\/api.w.org\/{rel}","templated":true}]}}