{"id":685,"date":"2025-10-03T11:15:35","date_gmt":"2025-10-03T09:15:35","guid":{"rendered":"https:\/\/conextur.com\/app\/?post_type=product&#038;p=685"},"modified":"2025-10-03T11:54:44","modified_gmt":"2025-10-03T09:54:44","slug":"visita-al-coliseo-de-roma","status":"publish","type":"product","link":"https:\/\/conextur.com\/app\/producto\/visita-al-coliseo-de-roma\/","title":{"rendered":"Visita al Coliseo de Roma"},"content":{"rendered":"<p>Qu\u00e9 veras en una visita Coliseo Roma<\/p>\n<p>Durante tu recorrido por el Coliseo, hay varios puntos destacados que no puedes perderte:<\/p>\n<p>La Arena<\/p>\n<p>Pisar la Arena del Coliseo te transporta directamente al pasado. Desde aqu\u00ed se observan los pasadizos subterr\u00e1neos y la magnitud de la grada donde se reun\u00eda el p\u00fablico.<\/p>\n<p>Los Subterr\u00e1neos<\/p>\n<p>Eran el lugar donde gladiadores, animales y maquinaria se preparaban para el espect\u00e1culo. Hoy es posible recorrerlos con una entrada especial o tour guiado.<\/p>\n<p>Las Gradas<\/p>\n<p>Desde los distintos niveles tendr\u00e1s vistas panor\u00e1micas espectaculares tanto del interior del Coliseo como de los alrededores.<\/p>\n<p>Foro Romano y Palatino<\/p>\n<p>Muchas entradas combinan la visita al Coliseo con el Foro Romano (centro pol\u00edtico y religioso de la antigua Roma) y el Monte Palatino, la colina donde nacieron las leyendas de R\u00f3mulo y Remo.<\/p>\n","protected":false},"excerpt":{"rendered":"<p>La visita Coliseo Roma es una de las experiencias m\u00e1s buscadas por quienes viajan a la capital italiana. Este anfiteatro, considerado una de las Siete Maravillas del Mundo Moderno, es el monumento m\u00e1s emblem\u00e1tico de la antigua Roma y el s\u00edmbolo indiscutible de su grandeza.<\/p>\n","protected":false},"featured_media":688,"comment_status":"open","ping_status":"closed","template":"","meta":[],"product_brand":[],"product_cat":[145],"product_tag":[187],"class_list":{"0":"post-685","1":"product","2":"type-product","3":"status-publish","4":"has-post-thumbnail","6":"product_cat-roma","7":"product_tag-visita-guiada","9":"first","10":"instock","11":"virtual","12":"sold-individually","13":"purchasable","14":"product-type-booking"},"_links":{"self":[{"href":"https:\/\/conextur.com\/app\/wp-json\/wp\/v2\/product\/685","targetHints":{"allow":["GET"]}}],"collection":[{"href":"https:\/\/conextur.com\/app\/wp-json\/wp\/v2\/product"}],"about":[{"href":"https:\/\/conextur.com\/app\/wp-json\/wp\/v2\/types\/product"}],"replies":[{"embeddable":true,"href":"https:\/\/conextur.com\/app\/wp-json\/wp\/v2\/comments?post=685"}],"wp:featuredmedia":[{"embeddable":true,"href":"https:\/\/conextur.com\/app\/wp-json\/wp\/v2\/media\/688"}],"wp:attachment":[{"href":"https:\/\/conextur.com\/app\/wp-json\/wp\/v2\/media?parent=685"}],"wp:term":[{"taxonomy":"product_brand","embeddable":true,"href":"https:\/\/conextur.com\/app\/wp-json\/wp\/v2\/product_brand?post=685"},{"taxonomy":"product_cat","embeddable":true,"href":"https:\/\/conextur.com\/app\/wp-json\/wp\/v2\/product_cat?post=685"},{"taxonomy":"product_tag","embeddable":true,"href":"https:\/\/conextur.com\/app\/wp-json\/wp\/v2\/product_tag?post=685"}],"curies":[{"name":"wp","href":"https:\/\/api.w.org\/{rel}","templated":true}]}}