{"id":640,"date":"2025-05-29T12:10:22","date_gmt":"2025-05-29T10:10:22","guid":{"rendered":"https:\/\/conextur.com\/app\/?post_type=product&#038;p=640"},"modified":"2025-05-29T12:19:00","modified_gmt":"2025-05-29T10:19:00","slug":"excursion-palmabus","status":"publish","type":"product","link":"https:\/\/conextur.com\/app\/producto\/excursion-palmabus\/","title":{"rendered":"Excursi\u00f3n PalmaBus"},"content":{"rendered":"<p>Con esta excursi\u00f3n te daremos la oportunidad de descubrir la ciudad de Palma de Mallorca, capital de las Islas Baleares, de la manera m\u00e1s c\u00f3moda y sin complicaciones. Podr\u00e1 aprovechar al m\u00e1ximo su d\u00eda gracias a toda la informaci\u00f3n \u00fatil que nuestro gu\u00eda compartir\u00e1 con usted durante el viaje. Disfruta de un d\u00eda completo de compras y turismo con No Frills Excursions a medida que obtiene una visi\u00f3n de la rica e interesante cultura de Mallorca.<\/p>\n<p>Qu\u00e9 esperar en el recorrido:<\/p>\n<p>En el camino a Palma, nuestro gu\u00eda le dar\u00e1 informaci\u00f3n valiosa e interesante, as\u00ed como un mapa de Palma City para que pueda planificar el d\u00eda por delante de la manera m\u00e1s c\u00f3moda, en nuestro autob\u00fas con aire acondicionado. Nuestro gu\u00eda le dar\u00e1 las mejores sugerencias para hacer turismo y compras en Palma para que todo lo que le queda por hacer es decidir c\u00f3mo quiere pasar el d\u00eda y disfrutar.<\/p>\n<p>Ser\u00e1 recogido por un autob\u00fas con aire acondicionado cerca de su hotel. Al reservar su tour a Palma con nosotros, se le garantiza su asiento en el autob\u00fas y se le dejar\u00e1 en Palma cerca del centro hist\u00f3rico.<\/p>\n<p>En Palma lo dejaremos frente a la catedral, que se encuentra a cinco minutos a pie de la zona comercial y de la zona hist\u00f3rica de Palma. Desde este momento tienes m\u00e1s de cuatro horas y media de tiempo libre para explorar el casco antiguo, visite la catedral o vaya de compras. Ir de compras en Palma es una gran experiencia, ya que tiene una amplia selecci\u00f3n de tiendas que van desde boutiques de lujo hasta grandes almacenes y minoristas conocidos.<\/p>\n<p>Como tambi\u00e9n tienes tiempo para almorzar en la ciudad, te sugerimos que no pierdas la oportunidad de saborear algo de comida t\u00edpica espa\u00f1ola y mallorquina. Por ello recomendamos visitar La Lonja, el tapas zona en Palma de Mallorca y el antiguo puerto pesquero.<\/p>\n","protected":false},"excerpt":{"rendered":"<p>Nuestro PalmaBus tiene una fant\u00e1stica relaci\u00f3n calidad-precio, ya que incluye: transporte de regreso, asiento garantizado, gu\u00eda en el autob\u00fas, mapa gratuito y mucho tiempo libre para explorar y disfrutar de Palma al m\u00e1ximo. Te dejamos justo al lado de la Catedral para que tengas todo cerca.<\/p>\n","protected":false},"featured_media":641,"comment_status":"open","ping_status":"closed","template":"","meta":[],"product_brand":[],"product_cat":[142],"product_tag":[182],"class_list":{"0":"post-640","1":"product","2":"type-product","3":"status-publish","4":"has-post-thumbnail","6":"product_cat-mallorca","7":"product_tag-excursion-palmabus","9":"first","10":"instock","11":"virtual","12":"sold-individually","13":"purchasable","14":"product-type-booking"},"_links":{"self":[{"href":"https:\/\/conextur.com\/app\/wp-json\/wp\/v2\/product\/640","targetHints":{"allow":["GET"]}}],"collection":[{"href":"https:\/\/conextur.com\/app\/wp-json\/wp\/v2\/product"}],"about":[{"href":"https:\/\/conextur.com\/app\/wp-json\/wp\/v2\/types\/product"}],"replies":[{"embeddable":true,"href":"https:\/\/conextur.com\/app\/wp-json\/wp\/v2\/comments?post=640"}],"wp:featuredmedia":[{"embeddable":true,"href":"https:\/\/conextur.com\/app\/wp-json\/wp\/v2\/media\/641"}],"wp:attachment":[{"href":"https:\/\/conextur.com\/app\/wp-json\/wp\/v2\/media?parent=640"}],"wp:term":[{"taxonomy":"product_brand","embeddable":true,"href":"https:\/\/conextur.com\/app\/wp-json\/wp\/v2\/product_brand?post=640"},{"taxonomy":"product_cat","embeddable":true,"href":"https:\/\/conextur.com\/app\/wp-json\/wp\/v2\/product_cat?post=640"},{"taxonomy":"product_tag","embeddable":true,"href":"https:\/\/conextur.com\/app\/wp-json\/wp\/v2\/product_tag?post=640"}],"curies":[{"name":"wp","href":"https:\/\/api.w.org\/{rel}","templated":true}]}}