{"id":638,"date":"2025-05-29T12:02:38","date_gmt":"2025-05-29T10:02:38","guid":{"rendered":"https:\/\/conextur.com\/app\/?post_type=product&#038;p=638"},"modified":"2025-05-29T12:08:08","modified_gmt":"2025-05-29T10:08:08","slug":"palmabus-premium-con-catedral-y-paseo-guiado","status":"publish","type":"product","link":"https:\/\/conextur.com\/app\/producto\/palmabus-premium-con-catedral-y-paseo-guiado\/","title":{"rendered":"PalmaBus Premium con Catedral y Paseo Guiado"},"content":{"rendered":"<p>En esta visita exclusiva a Palma ser\u00e1 recogido por el autob\u00fas y se le dar\u00e1 un mapa de la ciudad. De camino a Palma, nuestro gu\u00eda le dar\u00e1 mucha informaci\u00f3n \u00fatil e interesante sobre la ciudad, as\u00ed como sugerencias de cosas que hacer durante su tiempo libre all\u00ed.<\/p>\n<p>Lo dejaremos en una ubicaci\u00f3n central cerca de la Catedral, donde se convertir\u00e1 en parte de un grupo mucho m\u00e1s peque\u00f1o y nuestro gu\u00eda lo llevar\u00e1 en una caminata guiada de 45 minutos por el casco antiguo. En este recorrido a pie descubrir\u00e1 las encantadoras calles antiguas de la ciudad hist\u00f3rica de Palma, mientras se maravilla con la arquitectura ecl\u00e9ctica mientras aprende sobre sus historias y leyendas mejor guardadas.<\/p>\n<p>Luego visitaremos el majestuoso Catedral de Palma, disfrutando del tama\u00f1o y el esplendor del edificio y descubriendo los diferentes estilos arquitect\u00f3nicos de cada una de las muchas capillas, incluyendo la obra de Antoni Gaud\u00ed y Miquel Barcel\u00f3. La visita ser\u00e1 realizada por nuestro gu\u00eda, quien le dar\u00e1 una idea de las piezas que encontramos durante el recorrido. La visita a la catedral tiene una duraci\u00f3n aproximada de 45 minutos.<\/p>\n<p>M\u00e1s tarde, tendr\u00e1 tiempo libre en Palma para ir de compras, hacer turismo o almorzar. Ir de compras en Palma es una gran experiencia, adecuada para todos los presupuestos, ya que tiene una amplia gama de tiendas en la punta de sus dedos: desde boutiques exclusivas y grandes almacenes hasta minoristas conocidos en todo el mundo. \u00a1Est\u00e1s obligado a encontrar algo de tu agrado!<\/p>\n","protected":false},"excerpt":{"rendered":"<p>Aproveche al m\u00e1ximo su d\u00eda en Palma con nuestro tour PalmaBus Premium que incluye un paseo guiado por el casco antiguo, un boleto de entrada a la catedral y tiempo libre para disfrutar de la ciudad.<\/p>\n<p>Esta es la opci\u00f3n m\u00e1s completa disponible para visitar la impresionante capital de las Islas Baleares.<\/p>\n","protected":false},"featured_media":639,"comment_status":"open","ping_status":"closed","template":"","meta":[],"product_brand":[],"product_cat":[142],"product_tag":[181],"class_list":{"0":"post-638","1":"product","2":"type-product","3":"status-publish","4":"has-post-thumbnail","6":"product_cat-mallorca","7":"product_tag-palmabus-premium-con-catedral-y-paseo-guiado","9":"first","10":"instock","11":"virtual","12":"sold-individually","13":"purchasable","14":"product-type-booking"},"_links":{"self":[{"href":"https:\/\/conextur.com\/app\/wp-json\/wp\/v2\/product\/638","targetHints":{"allow":["GET"]}}],"collection":[{"href":"https:\/\/conextur.com\/app\/wp-json\/wp\/v2\/product"}],"about":[{"href":"https:\/\/conextur.com\/app\/wp-json\/wp\/v2\/types\/product"}],"replies":[{"embeddable":true,"href":"https:\/\/conextur.com\/app\/wp-json\/wp\/v2\/comments?post=638"}],"wp:featuredmedia":[{"embeddable":true,"href":"https:\/\/conextur.com\/app\/wp-json\/wp\/v2\/media\/639"}],"wp:attachment":[{"href":"https:\/\/conextur.com\/app\/wp-json\/wp\/v2\/media?parent=638"}],"wp:term":[{"taxonomy":"product_brand","embeddable":true,"href":"https:\/\/conextur.com\/app\/wp-json\/wp\/v2\/product_brand?post=638"},{"taxonomy":"product_cat","embeddable":true,"href":"https:\/\/conextur.com\/app\/wp-json\/wp\/v2\/product_cat?post=638"},{"taxonomy":"product_tag","embeddable":true,"href":"https:\/\/conextur.com\/app\/wp-json\/wp\/v2\/product_tag?post=638"}],"curies":[{"name":"wp","href":"https:\/\/api.w.org\/{rel}","templated":true}]}}