{"id":636,"date":"2025-05-29T11:55:51","date_gmt":"2025-05-29T09:55:51","guid":{"rendered":"https:\/\/conextur.com\/app\/?post_type=product&#038;p=636"},"modified":"2025-05-29T11:59:21","modified_gmt":"2025-05-29T09:59:21","slug":"entrada-al-acuario-de-palma-con-traslados","status":"publish","type":"product","link":"https:\/\/conextur.com\/app\/producto\/entrada-al-acuario-de-palma-con-traslados\/","title":{"rendered":"Entrada al Acuario de Palma con Traslados"},"content":{"rendered":"<p>Palma Aquarium es mucho m\u00e1s que un acuario; es un d\u00eda lleno de diversi\u00f3n, emoci\u00f3n y m\u00e1ximo disfrute.<\/p>\n<p>Vamos a tratar de poner en palabras cu\u00e1nto Palma Aquarium tiene para ofrecer, pero ser\u00e1 dif\u00edcil. Si prefiere ver las fotos, vea arriba.<\/p>\n<p>En Palma Aquarium encontrar\u00e1s m\u00e1s de 55 tanques, 8000 peces y 700 especies en diversas zonas que representan diferentes zonas del mundo:<\/p>\n<p>En el Viejo Mundo nos encontramos en el Mediterr\u00e1neo con 25 acuarios en los que encontramos caballitos de mar, langostas, cangrejos, el enorme pulpo&#8230;<\/p>\n<p>El Nuevo Mundo nos lleva a trav\u00e9s de los mares tropicales y nos encontramos contemplando el precioso coral y algunos de los peces m\u00e1s espectaculares del Acuario de Palma, incluidos los peces tigre y los peces payaso.<\/p>\n<p>En la zona exterior podemos descubrir los Jardines Mediterr\u00e1neos donde podremos relajarnos mientras los ni\u00f1os se divierten en la zona de juegos con el espectacular barco de piratas y las impredecibles fuentes de agua. Tambi\u00e9n en esta zona encontrar\u00e1 fauna, plantas arom\u00e1ticas, tortugas marinas, rayas y una piscina interactiva con carpa.<\/p>\n<p>\u00bfAlguna vez has estado en la jungla? \u00a1Bueno, ahora ni siquiera necesitas salir de la isla! Palma Aquarium tiene su propia selva que te hace sentir como si estuvieras en el Amazonas, con reptiles y una cascada.<\/p>\n<p>Realmente no hay palabras para describir el Big Blue; simplemente te acuestas en uno de los cojines o sof\u00e1s y disfrutas de la espectacular exhibici\u00f3n de la fuerza bruta de los tiburones de Palma Aquariums en el tanque de tiburones m\u00e1s grande de Europa. Puede pasar f\u00e1cilmente 30 minutos o m\u00e1s simplemente maravill\u00e1ndose con este espect\u00e1culo. Los tiburones, rayas y multitud de peces te dejar\u00e1n sin palabras.<\/p>\n<p>Las medusas tambi\u00e9n tienen su espacio en Palma Aquarium en un tanque cil\u00edndrico en el que se puede ver c\u00f3mo las coloridas medusas se deslizan elegantemente.<\/p>\n","protected":false},"excerpt":{"rendered":"<p>Despu\u00e9s de una conveniente recogida en el hotel de hoteles seleccionados de Mallorca (consulte el Itinerario para obtener una lista completa), viajar\u00e1 a la animada ciudad de Palma para explorar exhibiciones atractivas dentro del Acuario de Palma. Contemple los vibrantes arrecifes de coral y m\u00e1s de 700 especies marinas<\/p>\n","protected":false},"featured_media":637,"comment_status":"open","ping_status":"closed","template":"","meta":[],"product_brand":[],"product_cat":[142],"product_tag":[180],"class_list":{"0":"post-636","1":"product","2":"type-product","3":"status-publish","4":"has-post-thumbnail","6":"product_cat-mallorca","7":"product_tag-entrada-al-acuario-de-palma-con-traslados","9":"first","10":"instock","11":"virtual","12":"sold-individually","13":"purchasable","14":"product-type-booking"},"_links":{"self":[{"href":"https:\/\/conextur.com\/app\/wp-json\/wp\/v2\/product\/636","targetHints":{"allow":["GET"]}}],"collection":[{"href":"https:\/\/conextur.com\/app\/wp-json\/wp\/v2\/product"}],"about":[{"href":"https:\/\/conextur.com\/app\/wp-json\/wp\/v2\/types\/product"}],"replies":[{"embeddable":true,"href":"https:\/\/conextur.com\/app\/wp-json\/wp\/v2\/comments?post=636"}],"wp:featuredmedia":[{"embeddable":true,"href":"https:\/\/conextur.com\/app\/wp-json\/wp\/v2\/media\/637"}],"wp:attachment":[{"href":"https:\/\/conextur.com\/app\/wp-json\/wp\/v2\/media?parent=636"}],"wp:term":[{"taxonomy":"product_brand","embeddable":true,"href":"https:\/\/conextur.com\/app\/wp-json\/wp\/v2\/product_brand?post=636"},{"taxonomy":"product_cat","embeddable":true,"href":"https:\/\/conextur.com\/app\/wp-json\/wp\/v2\/product_cat?post=636"},{"taxonomy":"product_tag","embeddable":true,"href":"https:\/\/conextur.com\/app\/wp-json\/wp\/v2\/product_tag?post=636"}],"curies":[{"name":"wp","href":"https:\/\/api.w.org\/{rel}","templated":true}]}}