{"id":634,"date":"2025-05-29T11:49:53","date_gmt":"2025-05-29T09:49:53","guid":{"rendered":"https:\/\/conextur.com\/app\/?post_type=product&#038;p=634"},"modified":"2025-05-29T11:55:07","modified_gmt":"2025-05-29T09:55:07","slug":"tour-a-palma-desde-el-area-este","status":"publish","type":"product","link":"https:\/\/conextur.com\/app\/producto\/tour-a-palma-desde-el-area-este\/","title":{"rendered":"Tour a Palma desde el \u00c1rea Este"},"content":{"rendered":"<p>Esta excursi\u00f3n a Palma nos llevar\u00e1 a visitar la capital de Mallorca donde tendr\u00e1s mucho tiempo libre para visitar el casco antiguo o para hacer algunas compras.<\/p>\n<p>\u00bfPor qu\u00e9 con nosotros?<\/p>\n<p>La mejor manera de llegar a la ciudad de Palma desde el lado este de la isla.<\/p>\n<p>Aproveche al m\u00e1ximo su d\u00eda: Puede disfrutar del tiempo libre en Palma o aprovechar la oportunidad para agregar actividades adicionales a su excursi\u00f3n, como el boleto de entrada a la catedral y la visita guiada.<\/p>\n<p>Las mejores gu\u00edas: Nuestros gu\u00edas oficiales de Mallorca lo mantendr\u00e1n entretenido durante el viaje y le dar\u00e1n los mejores consejos sobre c\u00f3mo disfrutar de Palma.<\/p>\n<p>Mejor precio: nuestro paquete tur\u00edstico a Palma desde la zona este no solo es el mejor, sino que tambi\u00e9n tiene el mejor precio.<\/p>\n","protected":false},"excerpt":{"rendered":"<p>Disfrute de una excursi\u00f3n a Palma, la capital de Mallorca, con tiempo libre para pasear por el casco antiguo, el puerto, hacer algunas compras y aprovechar al m\u00e1ximo la capital de Mallorca.<\/p>\n","protected":false},"featured_media":635,"comment_status":"open","ping_status":"closed","template":"","meta":[],"product_brand":[],"product_cat":[142],"product_tag":[179],"class_list":{"0":"post-634","1":"product","2":"type-product","3":"status-publish","4":"has-post-thumbnail","6":"product_cat-mallorca","7":"product_tag-tour-a-palma-desde-el-area-este","9":"first","10":"instock","11":"virtual","12":"sold-individually","13":"purchasable","14":"product-type-booking"},"_links":{"self":[{"href":"https:\/\/conextur.com\/app\/wp-json\/wp\/v2\/product\/634","targetHints":{"allow":["GET"]}}],"collection":[{"href":"https:\/\/conextur.com\/app\/wp-json\/wp\/v2\/product"}],"about":[{"href":"https:\/\/conextur.com\/app\/wp-json\/wp\/v2\/types\/product"}],"replies":[{"embeddable":true,"href":"https:\/\/conextur.com\/app\/wp-json\/wp\/v2\/comments?post=634"}],"wp:featuredmedia":[{"embeddable":true,"href":"https:\/\/conextur.com\/app\/wp-json\/wp\/v2\/media\/635"}],"wp:attachment":[{"href":"https:\/\/conextur.com\/app\/wp-json\/wp\/v2\/media?parent=634"}],"wp:term":[{"taxonomy":"product_brand","embeddable":true,"href":"https:\/\/conextur.com\/app\/wp-json\/wp\/v2\/product_brand?post=634"},{"taxonomy":"product_cat","embeddable":true,"href":"https:\/\/conextur.com\/app\/wp-json\/wp\/v2\/product_cat?post=634"},{"taxonomy":"product_tag","embeddable":true,"href":"https:\/\/conextur.com\/app\/wp-json\/wp\/v2\/product_tag?post=634"}],"curies":[{"name":"wp","href":"https:\/\/api.w.org\/{rel}","templated":true}]}}