{"id":632,"date":"2025-05-29T11:42:55","date_gmt":"2025-05-29T09:42:55","guid":{"rendered":"https:\/\/conextur.com\/app\/?post_type=product&#038;p=632"},"modified":"2025-05-29T11:48:19","modified_gmt":"2025-05-29T09:48:19","slug":"paseo-en-vagon-y-barbacoa-mallorca","status":"publish","type":"product","link":"https:\/\/conextur.com\/app\/producto\/paseo-en-vagon-y-barbacoa-mallorca\/","title":{"rendered":"Paseo en vag\u00f3n y barbacoa Mallorca"},"content":{"rendered":"<p>En este paseo en carro tirado por caballos y excursi\u00f3n en BBQ en Mallorca, iremos a recogerlo a su hotel, y luego nos dirigiremos hacia el norte de la isla donde se encuentra Rancho Grande. Una vez que lleguemos all\u00ed, ser\u00e1 recibido con un vaso de sangr\u00eda, y luego nos subiremos al carro.<\/p>\n<p>Rancho Grande tiene tres vagones tirados por caballos, conocidos como \u201cSangria Express\u201d, tirados por hermosos caballos Shire y con una capacidad de 25 personas en cada vag\u00f3n. Esta es una gran opci\u00f3n para los no ciclistas y los miembros j\u00f3venes de la familia. El vag\u00f3n sigue a los caballos y jinetes a trav\u00e9s del bosque, lo que permite a los que est\u00e1n dentro sentarse y relajarse mientras disfrutan de las espectaculares vistas y observan a sus amigos y familiares a caballo.<\/p>\n<p>Estaremos en el vag\u00f3n durante unos 70 minutos, siguiendo senderos alrededor de los vastos terrenos, bebiendo sangr\u00eda (refrescos para los ni\u00f1os) y cantando. A su llegada al rancho se le ofrecer\u00e1 una cena BBQ de estilo mallorqu\u00edn que consiste en:<\/p>\n<p>Kebab de pollo picante en un palo<\/p>\n<p>Chuletas de cerdo<\/p>\n<p>Ensalada<\/p>\n<p>Chaqueta de patata<\/p>\n<p>Pan t\u00edpico mallorqu\u00edn con mayonesa de ajo<\/p>\n<p>Helado<\/p>\n<p>Sangr\u00eda o refrescos<\/p>\n<p>(Una comida vegetariana tambi\u00e9n est\u00e1 disponible)<\/p>\n","protected":false},"excerpt":{"rendered":"<p>Ven a Rancho Grande en Mallorca y disfruta de un paseo en carro tirado por caballos a trav\u00e9s de los bosques de pinos seguido de una barbacoa y m\u00fasica en vivo con bailar todo el fresco en el rancho.<\/p>\n","protected":false},"featured_media":633,"comment_status":"open","ping_status":"closed","template":"","meta":[],"product_brand":[],"product_cat":[142],"product_tag":[178],"class_list":{"0":"post-632","1":"product","2":"type-product","3":"status-publish","4":"has-post-thumbnail","6":"product_cat-mallorca","7":"product_tag-paseo-en-vagon-y-barbacoa-mallorca","9":"first","10":"instock","11":"virtual","12":"sold-individually","13":"purchasable","14":"product-type-booking"},"_links":{"self":[{"href":"https:\/\/conextur.com\/app\/wp-json\/wp\/v2\/product\/632","targetHints":{"allow":["GET"]}}],"collection":[{"href":"https:\/\/conextur.com\/app\/wp-json\/wp\/v2\/product"}],"about":[{"href":"https:\/\/conextur.com\/app\/wp-json\/wp\/v2\/types\/product"}],"replies":[{"embeddable":true,"href":"https:\/\/conextur.com\/app\/wp-json\/wp\/v2\/comments?post=632"}],"wp:featuredmedia":[{"embeddable":true,"href":"https:\/\/conextur.com\/app\/wp-json\/wp\/v2\/media\/633"}],"wp:attachment":[{"href":"https:\/\/conextur.com\/app\/wp-json\/wp\/v2\/media?parent=632"}],"wp:term":[{"taxonomy":"product_brand","embeddable":true,"href":"https:\/\/conextur.com\/app\/wp-json\/wp\/v2\/product_brand?post=632"},{"taxonomy":"product_cat","embeddable":true,"href":"https:\/\/conextur.com\/app\/wp-json\/wp\/v2\/product_cat?post=632"},{"taxonomy":"product_tag","embeddable":true,"href":"https:\/\/conextur.com\/app\/wp-json\/wp\/v2\/product_tag?post=632"}],"curies":[{"name":"wp","href":"https:\/\/api.w.org\/{rel}","templated":true}]}}