{"id":628,"date":"2025-05-29T11:33:15","date_gmt":"2025-05-29T09:33:15","guid":{"rendered":"https:\/\/conextur.com\/app\/?post_type=product&#038;p=628"},"modified":"2025-05-29T11:37:06","modified_gmt":"2025-05-29T09:37:06","slug":"entrada-prioritaria-a-la-catedral-de-palma-con-visita-guiada","status":"publish","type":"product","link":"https:\/\/conextur.com\/app\/producto\/entrada-prioritaria-a-la-catedral-de-palma-con-visita-guiada\/","title":{"rendered":"Entrada Prioritaria a la Catedral de Palma con Visita Guiada"},"content":{"rendered":"<p>Este es un recorrido ideal para visitar la Catedral de Palma, sabiendo que ha reservado su boleto de entrada y obtendr\u00e1 prioridad omitir la entrada de l\u00ednea, asegur\u00e1ndose de que no pierda nada de su precioso tiempo de vacaciones haciendo cola. Su gu\u00eda lo recibir\u00e1 cerca de la Catedral, y despu\u00e9s de una introducci\u00f3n, nos dirigiremos a la zona monumental de Palma.<\/p>\n<p>Comenzaremos el recorrido con un paseo por el casco antiguo de Palma para conocer la ciudad y la zona donde se encuentra la Catedral. Nuestro gu\u00eda har\u00e1 diferentes paradas para explicarle los hechos m\u00e1s interesantes sobre los lugares por los que pasamos. La visita dentro de la Catedral dura unos 45 minutos y su boleto de entrada a la Catedral de Palma est\u00e1 incluido. Nuestro gu\u00eda lo llevar\u00e1 por las capillas principales de la catedral y aprender\u00e1 sobre su historia y an\u00e9cdotas. Despu\u00e9s de la visita, tendr\u00e1 tiempo para echar un vistazo con m\u00e1s detalle o volver a visitar su parte favorita de la catedral y visitar el museo de la Catedral y el museo del Palacio Episcopal (cuando est\u00e9 abierto).<\/p>\n<p>Al final del recorrido, su gu\u00eda tur\u00edstico estar\u00e1 encantado de responder cualquier pregunta y darle consejos sobre qu\u00e9 m\u00e1s hacer y ver en Palma despu\u00e9s del recorrido.<\/p>\n","protected":false},"excerpt":{"rendered":"<p>Visite la Catedral de Palma y el Casco Antiguo de Palma en un recorrido de 1,5 horas con un gu\u00eda experto y una entrada prioritaria a la Catedral. \u00a1Entradas Limitadas!<\/p>\n","protected":false},"featured_media":629,"comment_status":"open","ping_status":"closed","template":"","meta":[],"product_brand":[],"product_cat":[16],"product_tag":[176],"class_list":{"0":"post-628","1":"product","2":"type-product","3":"status-publish","4":"has-post-thumbnail","6":"product_cat-sin-categorizar","7":"product_tag-entrada-prioritaria-a-la-catedral-de-palma-con-visita-guiada","9":"first","10":"instock","11":"virtual","12":"sold-individually","13":"purchasable","14":"product-type-booking"},"_links":{"self":[{"href":"https:\/\/conextur.com\/app\/wp-json\/wp\/v2\/product\/628","targetHints":{"allow":["GET"]}}],"collection":[{"href":"https:\/\/conextur.com\/app\/wp-json\/wp\/v2\/product"}],"about":[{"href":"https:\/\/conextur.com\/app\/wp-json\/wp\/v2\/types\/product"}],"replies":[{"embeddable":true,"href":"https:\/\/conextur.com\/app\/wp-json\/wp\/v2\/comments?post=628"}],"wp:featuredmedia":[{"embeddable":true,"href":"https:\/\/conextur.com\/app\/wp-json\/wp\/v2\/media\/629"}],"wp:attachment":[{"href":"https:\/\/conextur.com\/app\/wp-json\/wp\/v2\/media?parent=628"}],"wp:term":[{"taxonomy":"product_brand","embeddable":true,"href":"https:\/\/conextur.com\/app\/wp-json\/wp\/v2\/product_brand?post=628"},{"taxonomy":"product_cat","embeddable":true,"href":"https:\/\/conextur.com\/app\/wp-json\/wp\/v2\/product_cat?post=628"},{"taxonomy":"product_tag","embeddable":true,"href":"https:\/\/conextur.com\/app\/wp-json\/wp\/v2\/product_tag?post=628"}],"curies":[{"name":"wp","href":"https:\/\/api.w.org\/{rel}","templated":true}]}}