{"id":625,"date":"2025-05-29T11:26:49","date_gmt":"2025-05-29T09:26:49","guid":{"rendered":"https:\/\/conextur.com\/app\/?post_type=product&#038;p=625"},"modified":"2025-05-29T11:31:34","modified_gmt":"2025-05-29T09:31:34","slug":"tour-en-barco-por-palma-de-mallorca","status":"publish","type":"product","link":"https:\/\/conextur.com\/app\/producto\/tour-en-barco-por-palma-de-mallorca\/","title":{"rendered":"Tour en barco por Palma de Mallorca"},"content":{"rendered":"<p>En este tour en barco, navegar\u00e1 por la bah\u00eda de Palma, donde disfrutar\u00e1 de vistas panor\u00e1micas del club n\u00e1utico y el paseo mar\u00edtimo de la capital de Mallorca. El recorrido en s\u00ed dura aproximadamente 1 hora, descubriendo la impresionante Bah\u00eda de Palma y hay espacio a bordo para unos 80 pasajeros.<\/p>\n<p>Hay diferentes puntos de partida para este viaje en barco (puede elegir el que mejor se adapte a usted). En el puerto ver\u00e1 los lujosos yates y los cruceros que visitan Palma de Mallorca.<\/p>\n<p>Comenzaremos a navegar en el Bah\u00eda de Palma dirigi\u00e9ndonos hacia la base naval de Porto Pi, en el camino experimentaremos las hermosas vistas de Castillo de San Carlos o Castillo de Bellver. Luego continuaremos con el crucero y pasaremos por el Catedral de Palma de Mallorca y el Palacio de la Almudaina, este es definitivamente el punto culminante de esta actividad\u00a1! Sin duda, es una gran experiencia poder disfrutar de las vistas de estos monumentos desde el mar.<\/p>\n<p>Finalmente, regresaremos al puerto donde lo dejaremos despu\u00e9s de este corto pero hermoso recorrido en barco por Palma de Mallorca.<\/p>\n","protected":false},"excerpt":{"rendered":"<p>Disfrute de un viaje en barco de 1 hora en la bah\u00eda de Palma de Mallorca. Ser testigo de las vistas panor\u00e1micas de la Catedral, el Castillo de Bellver, el Club N\u00e1utico y el paseo mar\u00edtimo. \u00a1Una experiencia \u00fanica en tus vacaciones en Mallorca!<\/p>\n","protected":false},"featured_media":627,"comment_status":"open","ping_status":"closed","template":"","meta":[],"product_brand":[],"product_cat":[142],"product_tag":[175],"class_list":{"0":"post-625","1":"product","2":"type-product","3":"status-publish","4":"has-post-thumbnail","6":"product_cat-mallorca","7":"product_tag-tour-en-barco-por-palma-de-mallorca","9":"first","10":"instock","11":"virtual","12":"sold-individually","13":"purchasable","14":"product-type-booking"},"_links":{"self":[{"href":"https:\/\/conextur.com\/app\/wp-json\/wp\/v2\/product\/625","targetHints":{"allow":["GET"]}}],"collection":[{"href":"https:\/\/conextur.com\/app\/wp-json\/wp\/v2\/product"}],"about":[{"href":"https:\/\/conextur.com\/app\/wp-json\/wp\/v2\/types\/product"}],"replies":[{"embeddable":true,"href":"https:\/\/conextur.com\/app\/wp-json\/wp\/v2\/comments?post=625"}],"wp:featuredmedia":[{"embeddable":true,"href":"https:\/\/conextur.com\/app\/wp-json\/wp\/v2\/media\/627"}],"wp:attachment":[{"href":"https:\/\/conextur.com\/app\/wp-json\/wp\/v2\/media?parent=625"}],"wp:term":[{"taxonomy":"product_brand","embeddable":true,"href":"https:\/\/conextur.com\/app\/wp-json\/wp\/v2\/product_brand?post=625"},{"taxonomy":"product_cat","embeddable":true,"href":"https:\/\/conextur.com\/app\/wp-json\/wp\/v2\/product_cat?post=625"},{"taxonomy":"product_tag","embeddable":true,"href":"https:\/\/conextur.com\/app\/wp-json\/wp\/v2\/product_tag?post=625"}],"curies":[{"name":"wp","href":"https:\/\/api.w.org\/{rel}","templated":true}]}}