{"id":621,"date":"2025-05-29T11:16:47","date_gmt":"2025-05-29T09:16:47","guid":{"rendered":"https:\/\/conextur.com\/app\/?post_type=product&#038;p=621"},"modified":"2025-05-29T11:20:42","modified_gmt":"2025-05-29T09:20:42","slug":"palma-de-mallorca-food-tour-3-horas-con-degustaciones","status":"publish","type":"product","link":"https:\/\/conextur.com\/app\/producto\/palma-de-mallorca-food-tour-3-horas-con-degustaciones\/","title":{"rendered":"Palma de Mallorca Food Tour: 3 horas con degustaciones"},"content":{"rendered":"<p>Una de las mejores maneras de aprende sobre la historia y la cultura de un lugar es a trav\u00e9s de su gastronom\u00eda. Hoy en d\u00eda la comida y la cultura van de la mano m\u00e1s que nunca y es por eso que hemos dise\u00f1ado esto recorrido a pie centrado en la comida alrededor de la ciudad de Palma, que combina cultura e historia.<\/p>\n<p>Durante el itinerario visitaremos algunos de los los lugares m\u00e1s interesantes de Palma, donde haremos diferentes paradas. Tambi\u00e9n visitaremos algunos de los lugares poco conocidos relacionados con la gastronom\u00eda en Palma:<\/p>\n<p>Prueba algunos de los licores m\u00e1s populares de la isla.<\/p>\n<p>Experiencia golosinas horneadas de un convento de trabajo y aprenda c\u00f3mo la gente local compra los productos a las monjas.<\/p>\n<p>Visita una panader\u00eda donde hacen &#8220;arqueolog\u00eda gastron\u00f3mica&#8221;.<\/p>\n","protected":false},"excerpt":{"rendered":"<p>En este Palma Food Tour, obtenga una visi\u00f3n de la rica y variada cultura gastron\u00f3mica de Palma a medida que aprende y prueba productos locales. Una tapa y una bebida tambi\u00e9n est\u00e1n incluidas en el precio.<\/p>\n","protected":false},"featured_media":622,"comment_status":"open","ping_status":"closed","template":"","meta":[],"product_brand":[],"product_cat":[142],"product_tag":[173],"class_list":{"0":"post-621","1":"product","2":"type-product","3":"status-publish","4":"has-post-thumbnail","6":"product_cat-mallorca","7":"product_tag-mallorca-food-tour","9":"first","10":"instock","11":"virtual","12":"sold-individually","13":"purchasable","14":"product-type-booking"},"_links":{"self":[{"href":"https:\/\/conextur.com\/app\/wp-json\/wp\/v2\/product\/621","targetHints":{"allow":["GET"]}}],"collection":[{"href":"https:\/\/conextur.com\/app\/wp-json\/wp\/v2\/product"}],"about":[{"href":"https:\/\/conextur.com\/app\/wp-json\/wp\/v2\/types\/product"}],"replies":[{"embeddable":true,"href":"https:\/\/conextur.com\/app\/wp-json\/wp\/v2\/comments?post=621"}],"wp:featuredmedia":[{"embeddable":true,"href":"https:\/\/conextur.com\/app\/wp-json\/wp\/v2\/media\/622"}],"wp:attachment":[{"href":"https:\/\/conextur.com\/app\/wp-json\/wp\/v2\/media?parent=621"}],"wp:term":[{"taxonomy":"product_brand","embeddable":true,"href":"https:\/\/conextur.com\/app\/wp-json\/wp\/v2\/product_brand?post=621"},{"taxonomy":"product_cat","embeddable":true,"href":"https:\/\/conextur.com\/app\/wp-json\/wp\/v2\/product_cat?post=621"},{"taxonomy":"product_tag","embeddable":true,"href":"https:\/\/conextur.com\/app\/wp-json\/wp\/v2\/product_tag?post=621"}],"curies":[{"name":"wp","href":"https:\/\/api.w.org\/{rel}","templated":true}]}}