{"id":619,"date":"2025-05-29T11:06:17","date_gmt":"2025-05-29T09:06:17","guid":{"rendered":"https:\/\/conextur.com\/app\/?post_type=product&#038;p=619"},"modified":"2025-05-29T11:16:38","modified_gmt":"2025-05-29T09:16:38","slug":"jeep-offroading-de-dia-completo-en-las-montanas-de-mallorca","status":"publish","type":"product","link":"https:\/\/conextur.com\/app\/producto\/jeep-offroading-de-dia-completo-en-las-montanas-de-mallorca\/","title":{"rendered":"Jeep Offroading de D\u00eda Completo en las Monta\u00f1as de Mallorca"},"content":{"rendered":"<p>\u00bfTienes hambre de aventura y ganas de experimentar el paisaje diverso de Mallorca? Entonces este incre\u00edble viaje es justo para ti: \u00a1una expedici\u00f3n en Jeep a trav\u00e9s de las monta\u00f1as de Tramuntana de Mallorca!<\/p>\n<p>Lo recoger\u00e1n en su hotel o en un punto de encuentro cercano y lo llevar\u00e1n a Mancor de la Vall al pie de la Sierra de Tramuntana, el punto de partida de este recorrido. Una vez all\u00ed, primero se dividir\u00e1 en grupos, ya que solo 4 personas pueden viajar en cada Jeep. \u00a1Los que quieran pueden incluso conducir \u2013 hay muchos veh\u00edculos!<\/p>\n<p>Tambi\u00e9n tendr\u00e1 mucho tiempo para tomar fotos y explorar todo a su propio ritmo.<\/p>\n<p>Despu\u00e9s de un viaje de una hora y media a dos horas, llegar\u00e1 a la Finca Es Rafals, donde podr\u00e1 relajarse y descubrir m\u00e1s del maravilloso paisaje del norte de Mallorca. En d\u00edas muy claros, incluso puedes ver Menorca en el horizonte. \u00a1Empaca tus trajes de ba\u00f1o porque la granja tiene una piscina donde puedes saltar y refrescarte!<\/p>\n","protected":false},"excerpt":{"rendered":"<p>\u00bfAmas la naturaleza y la aventura? Tome un emocionante paseo en Jeep por las monta\u00f1as de Tramuntana para disfrutar del hermoso paisaje natural de Mallorca. Disfrute de la oportunidad de conducir un Jeep a trav\u00e9s de un paisaje incre\u00edble y rel\u00e1jese en una finca rural.<\/p>\n","protected":false},"featured_media":620,"comment_status":"open","ping_status":"closed","template":"","meta":[],"product_brand":[],"product_cat":[142],"product_tag":[172],"class_list":{"0":"post-619","1":"product","2":"type-product","3":"status-publish","4":"has-post-thumbnail","6":"product_cat-mallorca","7":"product_tag-jeep-offroading-mallorca","9":"first","10":"instock","11":"virtual","12":"sold-individually","13":"purchasable","14":"product-type-booking"},"_links":{"self":[{"href":"https:\/\/conextur.com\/app\/wp-json\/wp\/v2\/product\/619","targetHints":{"allow":["GET"]}}],"collection":[{"href":"https:\/\/conextur.com\/app\/wp-json\/wp\/v2\/product"}],"about":[{"href":"https:\/\/conextur.com\/app\/wp-json\/wp\/v2\/types\/product"}],"replies":[{"embeddable":true,"href":"https:\/\/conextur.com\/app\/wp-json\/wp\/v2\/comments?post=619"}],"wp:featuredmedia":[{"embeddable":true,"href":"https:\/\/conextur.com\/app\/wp-json\/wp\/v2\/media\/620"}],"wp:attachment":[{"href":"https:\/\/conextur.com\/app\/wp-json\/wp\/v2\/media?parent=619"}],"wp:term":[{"taxonomy":"product_brand","embeddable":true,"href":"https:\/\/conextur.com\/app\/wp-json\/wp\/v2\/product_brand?post=619"},{"taxonomy":"product_cat","embeddable":true,"href":"https:\/\/conextur.com\/app\/wp-json\/wp\/v2\/product_cat?post=619"},{"taxonomy":"product_tag","embeddable":true,"href":"https:\/\/conextur.com\/app\/wp-json\/wp\/v2\/product_tag?post=619"}],"curies":[{"name":"wp","href":"https:\/\/api.w.org\/{rel}","templated":true}]}}