{"id":617,"date":"2025-05-29T10:59:43","date_gmt":"2025-05-29T08:59:43","guid":{"rendered":"https:\/\/conextur.com\/app\/?post_type=product&#038;p=617"},"modified":"2025-05-29T11:04:43","modified_gmt":"2025-05-29T09:04:43","slug":"excursion-de-dia-completo-caves-hams-caves-drach-y-porto-cristo","status":"publish","type":"product","link":"https:\/\/conextur.com\/app\/producto\/excursion-de-dia-completo-caves-hams-caves-drach-y-porto-cristo\/","title":{"rendered":"Excursi\u00f3n de d\u00eda completo: Caves Hams, Caves Drach y Porto Cristo"},"content":{"rendered":"<p>La visita dentro de las Cuevas del Drach dura poco m\u00e1s de una hora e incluye un memorable concierto de m\u00fasica cl\u00e1sica en el lago Martel, considerado uno de los lagos subterr\u00e1neos m\u00e1s grandes y espectaculares del mundo. Despu\u00e9s del concierto, tiene la posibilidad (incluida en el precio) de tomar un corto paseo en bote por el lago, lo que lo convierte en una experiencia \u00fanica.<\/p>\n<p>Las Cuevas del Drach es una de las atracciones m\u00e1s populares de Mallorca y por una buena raz\u00f3n. La primera parte de la visita es a pie, mientras caminas por las diferentes c\u00e1maras, descubriendo un mundo diferente. Las estalactitas y estalagmitas son realzadas de manera sublime por la iluminaci\u00f3n m\u00e1gica planeada y puesta en marcha por el ingeniero Carlos Buigas, dando un aire misterioso y misterioso a las cuevas. Hay un gu\u00eda dentro de las cuevas que se\u00f1alar\u00e1 las diferentes formaciones rocosas, formadas a lo largo de siglos de erosi\u00f3n h\u00eddrica, por lo que es hora de usar tu imaginaci\u00f3n y ver si puedes ver a la bruja, la bandera o el lago Diana.<\/p>\n<p>Una vez que llegue al famoso lago Martel, tomar\u00e1 asiento en el anfiteatro subterr\u00e1neo natural, donde escuchar\u00e1 m\u00fasica cl\u00e1sica interpretada por m\u00fasicos en barcos que se deslizan suavemente sobre el lago en un espect\u00e1culo dram\u00e1tico de luz y m\u00fasica. Esta zona se ha convertido en un teatro gracias a la calidad de su ac\u00fastica natural.<\/p>\n","protected":false},"excerpt":{"rendered":"<p>Experimente la belleza natural y las hermosas perlas de Mallorca en esta excursi\u00f3n guiada de todo el d\u00eda. Despu\u00e9s de una conveniente recogida en el hotel, explore el impresionante paisaje de los sistemas de cuevas de Hams y Drach. Marav\u00edllate con sus estalactitas y hermosas aguas, luego pasa por el pintoresco pueblo pesquero de Porto Cristo y una hist\u00f3rica tienda de perlas.<\/p>\n","protected":false},"featured_media":618,"comment_status":"open","ping_status":"closed","template":"","meta":[],"product_brand":[],"product_cat":[142],"product_tag":[171],"class_list":{"0":"post-617","1":"product","2":"type-product","3":"status-publish","4":"has-post-thumbnail","6":"product_cat-mallorca","7":"product_tag-full-day-mallorca","9":"first","10":"instock","11":"virtual","12":"sold-individually","13":"purchasable","14":"product-type-booking"},"_links":{"self":[{"href":"https:\/\/conextur.com\/app\/wp-json\/wp\/v2\/product\/617","targetHints":{"allow":["GET"]}}],"collection":[{"href":"https:\/\/conextur.com\/app\/wp-json\/wp\/v2\/product"}],"about":[{"href":"https:\/\/conextur.com\/app\/wp-json\/wp\/v2\/types\/product"}],"replies":[{"embeddable":true,"href":"https:\/\/conextur.com\/app\/wp-json\/wp\/v2\/comments?post=617"}],"wp:featuredmedia":[{"embeddable":true,"href":"https:\/\/conextur.com\/app\/wp-json\/wp\/v2\/media\/618"}],"wp:attachment":[{"href":"https:\/\/conextur.com\/app\/wp-json\/wp\/v2\/media?parent=617"}],"wp:term":[{"taxonomy":"product_brand","embeddable":true,"href":"https:\/\/conextur.com\/app\/wp-json\/wp\/v2\/product_brand?post=617"},{"taxonomy":"product_cat","embeddable":true,"href":"https:\/\/conextur.com\/app\/wp-json\/wp\/v2\/product_cat?post=617"},{"taxonomy":"product_tag","embeddable":true,"href":"https:\/\/conextur.com\/app\/wp-json\/wp\/v2\/product_tag?post=617"}],"curies":[{"name":"wp","href":"https:\/\/api.w.org\/{rel}","templated":true}]}}