{"id":609,"date":"2025-05-29T10:39:38","date_gmt":"2025-05-29T08:39:38","guid":{"rendered":"https:\/\/conextur.com\/app\/?post_type=product&#038;p=609"},"modified":"2025-05-29T11:05:39","modified_gmt":"2025-05-29T09:05:39","slug":"island-tour-saliendo-de-palma","status":"publish","type":"product","link":"https:\/\/conextur.com\/app\/producto\/island-tour-saliendo-de-palma\/","title":{"rendered":"Island Tour Saliendo de Palma"},"content":{"rendered":"<p>El Island Tour es el d\u00eda m\u00e1s popular y hermoso de Mallorca. Descubra la Cordillera de la Serra de Tramuntana mientras se maravilla con las incre\u00edbles vistas de esta parte salvaje de la isla. Viaje en el tren vintage y el tranv\u00eda en el valle de Soller. Tome un paseo en bote desde Sa Calobra y disfrute de fabulosas vistas a la monta\u00f1a desde el autob\u00fas a lo largo de la famosa &#8220;carretera de serpientes&#8221;.<\/p>\n<p>\u00bfPor qu\u00e9 con nosotros?<\/p>\n<p>Hemos reunido un paquete en el que descubrir\u00e1 los aspectos m\u00e1s destacados de la impresionante Serra de Tramuntana de Mallorca en un solo d\u00eda, con los cuatro modos \u00fanicos de transporte incluidos en el precio, as\u00ed como tiempo libre para descubrir algunos de los lugares m\u00e1s emocionantes de Mallorca.<\/p>\n<p>La versi\u00f3n de otras compa\u00f1\u00edas del Island Tour a menudo implica llevarlo por centros comerciales donde pierde el tiempo, pero nuestro recorrido no implica PARADAS COMERCIALES, lo que le brinda todo el d\u00eda para descubrir los lugares m\u00e1s bellos de Mallorca. Es por eso que podemos visitar tantos lugares en un d\u00eda.<\/p>\n","protected":false},"excerpt":{"rendered":"<p>El viaje conocido como ISLAND TOUR es el mejor d\u00eda en Mallorca: viaje en el tren vintage Soller, tome un paseo en bote por la espectacular costa oeste, pase tiempo en Sa Calobra, descubra el espectacular Monasterio Lluc y disfrute de un paseo en tranv\u00eda mientras observa los hermosos paisajes de Mallorca.<\/p>\n","protected":false},"featured_media":610,"comment_status":"open","ping_status":"closed","template":"","meta":[],"product_brand":[],"product_cat":[142],"product_tag":[168],"class_list":{"0":"post-609","1":"product","2":"type-product","3":"status-publish","4":"has-post-thumbnail","6":"product_cat-mallorca","7":"product_tag-island-tour-saliendo-de-palma","9":"first","10":"instock","11":"virtual","12":"sold-individually","13":"purchasable","14":"product-type-booking"},"_links":{"self":[{"href":"https:\/\/conextur.com\/app\/wp-json\/wp\/v2\/product\/609","targetHints":{"allow":["GET"]}}],"collection":[{"href":"https:\/\/conextur.com\/app\/wp-json\/wp\/v2\/product"}],"about":[{"href":"https:\/\/conextur.com\/app\/wp-json\/wp\/v2\/types\/product"}],"replies":[{"embeddable":true,"href":"https:\/\/conextur.com\/app\/wp-json\/wp\/v2\/comments?post=609"}],"wp:featuredmedia":[{"embeddable":true,"href":"https:\/\/conextur.com\/app\/wp-json\/wp\/v2\/media\/610"}],"wp:attachment":[{"href":"https:\/\/conextur.com\/app\/wp-json\/wp\/v2\/media?parent=609"}],"wp:term":[{"taxonomy":"product_brand","embeddable":true,"href":"https:\/\/conextur.com\/app\/wp-json\/wp\/v2\/product_brand?post=609"},{"taxonomy":"product_cat","embeddable":true,"href":"https:\/\/conextur.com\/app\/wp-json\/wp\/v2\/product_cat?post=609"},{"taxonomy":"product_tag","embeddable":true,"href":"https:\/\/conextur.com\/app\/wp-json\/wp\/v2\/product_tag?post=609"}],"curies":[{"name":"wp","href":"https:\/\/api.w.org\/{rel}","templated":true}]}}