{"id":607,"date":"2025-05-28T12:23:14","date_gmt":"2025-05-28T10:23:14","guid":{"rendered":"https:\/\/conextur.com\/app\/?post_type=product&#038;p=607"},"modified":"2025-05-28T12:32:13","modified_gmt":"2025-05-28T10:32:13","slug":"valencia-en-1-dia-tour","status":"publish","type":"product","link":"https:\/\/conextur.com\/app\/producto\/valencia-en-1-dia-tour\/","title":{"rendered":"Valencia en 1 D\u00eda Tour"},"content":{"rendered":"<p data-start=\"406\" data-end=\"726\">Emb\u00e1rcate en un tour de un d\u00eda por Valencia y sum\u00e9rgete en su rica historia y vibrante cultura. Comienza explorando el casco antiguo, donde podr\u00e1s admirar la majestuosa Catedral de Valencia y su ic\u00f3nica torre del Miguelete, desde la cual se obtienen vistas panor\u00e1micas de la ciudad.<\/p>\n<p data-start=\"728\" data-end=\"990\">Contin\u00faa hacia la Lonja de la Seda, una joya del g\u00f3tico civil declarada Patrimonio de la Humanidad, y marav\u00edllate con la arquitectura modernista del Mercado Central, un lugar perfecto para degustar productos locales frescos.<\/p>\n<p data-start=\"992\" data-end=\"1256\">Pasea por el encantador Barrio del Carmen, con sus calles adoquinadas y arte urbano, y rel\u00e1jate en los Jardines del Turia, el parque urbano m\u00e1s grande de Espa\u00f1a, que atraviesa la ciudad ofreciendo espacios verdes y culturales.<\/p>\n<p data-start=\"1258\" data-end=\"1520\">Finaliza tu recorrido en la futurista Ciudad de las Artes y las Ciencias, un complejo arquitect\u00f3nico que alberga museos, un acuario y espacios de entretenimiento, reflejando la modernidad y el esp\u00edritu innovador de Valencia.<\/p>\n<p>&nbsp;<\/p>\n<p data-start=\"1522\" data-end=\"1675\">Este tour es ideal para quienes desean experimentar la esencia de Valencia en un solo d\u00eda, combinando su legado hist\u00f3rico con su dinamismo contempor\u00e1neo.<\/p>\n","protected":false},"excerpt":{"rendered":"<p>Descubre lo mejor de Valencia en una jornada: historia, arquitectura, gastronom\u00eda y modernidad en un recorrido inolvidable por la ciudad del Turia.<\/p>\n","protected":false},"featured_media":608,"comment_status":"open","ping_status":"closed","template":"","meta":[],"product_brand":[],"product_cat":[118],"product_tag":[167],"class_list":{"0":"post-607","1":"product","2":"type-product","3":"status-publish","4":"has-post-thumbnail","6":"product_cat-tours-de-un-dia","7":"product_tag-tour-valencia","9":"first","10":"instock","11":"virtual","12":"sold-individually","13":"purchasable","14":"product-type-booking"},"_links":{"self":[{"href":"https:\/\/conextur.com\/app\/wp-json\/wp\/v2\/product\/607","targetHints":{"allow":["GET"]}}],"collection":[{"href":"https:\/\/conextur.com\/app\/wp-json\/wp\/v2\/product"}],"about":[{"href":"https:\/\/conextur.com\/app\/wp-json\/wp\/v2\/types\/product"}],"replies":[{"embeddable":true,"href":"https:\/\/conextur.com\/app\/wp-json\/wp\/v2\/comments?post=607"}],"wp:featuredmedia":[{"embeddable":true,"href":"https:\/\/conextur.com\/app\/wp-json\/wp\/v2\/media\/608"}],"wp:attachment":[{"href":"https:\/\/conextur.com\/app\/wp-json\/wp\/v2\/media?parent=607"}],"wp:term":[{"taxonomy":"product_brand","embeddable":true,"href":"https:\/\/conextur.com\/app\/wp-json\/wp\/v2\/product_brand?post=607"},{"taxonomy":"product_cat","embeddable":true,"href":"https:\/\/conextur.com\/app\/wp-json\/wp\/v2\/product_cat?post=607"},{"taxonomy":"product_tag","embeddable":true,"href":"https:\/\/conextur.com\/app\/wp-json\/wp\/v2\/product_tag?post=607"}],"curies":[{"name":"wp","href":"https:\/\/api.w.org\/{rel}","templated":true}]}}