{"id":330,"date":"2025-04-09T16:27:55","date_gmt":"2025-04-09T14:27:55","guid":{"rendered":"https:\/\/conextur.com\/app\/?post_type=product&#038;p=330"},"modified":"2025-09-20T16:49:19","modified_gmt":"2025-09-20T14:49:19","slug":"beach-club-ibiza","status":"publish","type":"product","link":"https:\/\/conextur.com\/app\/producto\/beach-club-ibiza\/","title":{"rendered":"Beach Club Ibiza"},"content":{"rendered":"<p data-start=\"330\" data-end=\"582\">Sum\u00e9rgete en el ambiente \u00fanico de un <em data-start=\"367\" data-end=\"379\">Beach Club<\/em> en Ibiza, donde el lujo informal y la buena vibra se encuentran frente al mar. Disfruta de camas balinesas, m\u00fasica en vivo o DJ sets, cocina mediterr\u00e1nea, c\u00f3cteles frescos y puestas de sol inolvidables.<\/p>\n<p data-start=\"584\" data-end=\"894\">Ya sea que busques relajarte con estilo, celebrar una ocasi\u00f3n especial o vivir el d\u00eda como una verdadera celebrity, los beach clubs de Ibiza son el lugar perfecto. Todo est\u00e1 pensado para que cada momento sea especial: servicio exclusivo, entorno cuidado y un ambiente vibrante con el esp\u00edritu libre de la isla.<\/p>\n<p>&nbsp;<\/p>\n<p data-start=\"896\" data-end=\"1046\">Ideal para parejas, grupos de amigos o celebraciones privadas. Porque en Ibiza, el plan perfecto comienza en la arena\u2026 y se alarga hasta el atardecer.<\/p>\n","protected":false},"excerpt":{"rendered":"<p>Rel\u00e1jate y disfruta en un exclusivo beach club de Ibiza, con buena m\u00fasica, c\u00f3cteles premium y vistas frente al mar.<\/p>\n","protected":false},"featured_media":331,"comment_status":"open","ping_status":"closed","template":"","meta":[],"product_brand":[],"product_cat":[120,141],"product_tag":[160],"class_list":{"0":"post-330","1":"product","2":"type-product","3":"status-publish","4":"has-post-thumbnail","6":"product_cat-actividades","7":"product_cat-ibiza","8":"product_tag-beach-club-ibiza","10":"first","11":"instock","12":"sold-individually","13":"shipping-taxable","14":"purchasable","15":"product-type-booking"},"_links":{"self":[{"href":"https:\/\/conextur.com\/app\/wp-json\/wp\/v2\/product\/330","targetHints":{"allow":["GET"]}}],"collection":[{"href":"https:\/\/conextur.com\/app\/wp-json\/wp\/v2\/product"}],"about":[{"href":"https:\/\/conextur.com\/app\/wp-json\/wp\/v2\/types\/product"}],"replies":[{"embeddable":true,"href":"https:\/\/conextur.com\/app\/wp-json\/wp\/v2\/comments?post=330"}],"wp:featuredmedia":[{"embeddable":true,"href":"https:\/\/conextur.com\/app\/wp-json\/wp\/v2\/media\/331"}],"wp:attachment":[{"href":"https:\/\/conextur.com\/app\/wp-json\/wp\/v2\/media?parent=330"}],"wp:term":[{"taxonomy":"product_brand","embeddable":true,"href":"https:\/\/conextur.com\/app\/wp-json\/wp\/v2\/product_brand?post=330"},{"taxonomy":"product_cat","embeddable":true,"href":"https:\/\/conextur.com\/app\/wp-json\/wp\/v2\/product_cat?post=330"},{"taxonomy":"product_tag","embeddable":true,"href":"https:\/\/conextur.com\/app\/wp-json\/wp\/v2\/product_tag?post=330"}],"curies":[{"name":"wp","href":"https:\/\/api.w.org\/{rel}","templated":true}]}}