{"id":294,"date":"2025-04-09T13:32:44","date_gmt":"2025-04-09T11:32:44","guid":{"rendered":"https:\/\/conextur.com\/app\/?post_type=product&#038;p=294"},"modified":"2025-05-28T12:40:41","modified_gmt":"2025-05-28T10:40:41","slug":"tour-de-fiesta-pub-crawl-por-playa-del-carmen","status":"publish","type":"product","link":"https:\/\/conextur.com\/app\/producto\/tour-de-fiesta-pub-crawl-por-playa-del-carmen\/","title":{"rendered":"Tour de fiesta Pub Crawl por Playa del Carmen"},"content":{"rendered":"<p>\u00bfQuer\u00e9is salir de fiesta en Playa del Carmen y no sab\u00e9is por d\u00f3nde empezar? \u00a1Est\u00e1is en el lugar adecuado! A la hora indicada nos encontraremos en Dick and Willy\u00b4s Daiquiri Bar\u200b\u200b y daremos comienzo a un Pub Crawl que no dejar\u00e1 indiferente a nadie. \u00a1Lo pasaremos en grande!<\/p>\n<p>Una vez estemos todos, entraremos en el club de playa Dick and Willies, el primer local que visitaremos. Al acceder, podr\u00e9is aprovechar la media hora de barra libre que ten\u00e9is incluida para ir calentando motores de cara a la noche que nos espera en Playa del Carmen. \u00a1A brindar! Tras la barra libre, estaremos disfrutando en este local una hora m\u00e1s.<\/p>\n<p>Adem\u00e1s, para conocernos mejor, realizaremos diferentes juegos como el flip cup. \u00a1Ser\u00e1 de lo m\u00e1s divertido! Tras una hora y media bailando y disfrutando en el primer bar, seguiremos el tour de fiesta por Playa del Carmen acerc\u00e1ndonos a otro local que os conquistar\u00e1 gracias a su impresionante terraza.<\/p>\n<p>Nos dar\u00e1n la bienvenida con un chupito de tequila, un acto de lo m\u00e1s t\u00edpico. Est\u00e1is en M\u00e9xico, \u00a1ten\u00edais que probar su bebida m\u00e1s famosa! Saldremos a la pista a bailar y, despu\u00e9s de sacar nuestros mejores pasos, nos dirigiremos al tercer y \u00faltimo pub.<\/p>\n<p>La discoteca que visitaremos est\u00e1 dividida en varios ambientes, ideal si sois amantes de los ritmos latinos o si m\u00e1s bien prefer\u00eds la m\u00fasica electr\u00f3nica. \u00a1Hay para todos los gustos!<\/p>\n<p>Despu\u00e9s de cinco horas de fiesta en Playa del Carmen, nos despediremos en este \u00faltimo local para que pod\u00e1is seguir por vuestra cuenta hasta que el cuerpo aguante.<\/p>\n","protected":false},"excerpt":{"rendered":"<p>Dejaos seducir por el ambiente nocturno de la Riviera Maya en este Pub Crawl por Playa del Carmen. Visitaremos tres locales en los que podr\u00e9is bailar hasta que el cuerpo aguante. \u00a1Que empiece la fiesta!<\/p>\n","protected":false},"featured_media":291,"comment_status":"open","ping_status":"closed","template":"","meta":[],"product_brand":[],"product_cat":[138,119],"product_tag":[134],"class_list":{"0":"post-294","1":"product","2":"type-product","3":"status-publish","4":"has-post-thumbnail","6":"product_cat-riviera-maya","7":"product_cat-tours","8":"product_tag-pub-crawl-playa-del-carmen","10":"first","11":"instock","12":"sold-individually","13":"shipping-taxable","14":"purchasable","15":"product-type-booking"},"_links":{"self":[{"href":"https:\/\/conextur.com\/app\/wp-json\/wp\/v2\/product\/294","targetHints":{"allow":["GET"]}}],"collection":[{"href":"https:\/\/conextur.com\/app\/wp-json\/wp\/v2\/product"}],"about":[{"href":"https:\/\/conextur.com\/app\/wp-json\/wp\/v2\/types\/product"}],"replies":[{"embeddable":true,"href":"https:\/\/conextur.com\/app\/wp-json\/wp\/v2\/comments?post=294"}],"wp:featuredmedia":[{"embeddable":true,"href":"https:\/\/conextur.com\/app\/wp-json\/wp\/v2\/media\/291"}],"wp:attachment":[{"href":"https:\/\/conextur.com\/app\/wp-json\/wp\/v2\/media?parent=294"}],"wp:term":[{"taxonomy":"product_brand","embeddable":true,"href":"https:\/\/conextur.com\/app\/wp-json\/wp\/v2\/product_brand?post=294"},{"taxonomy":"product_cat","embeddable":true,"href":"https:\/\/conextur.com\/app\/wp-json\/wp\/v2\/product_cat?post=294"},{"taxonomy":"product_tag","embeddable":true,"href":"https:\/\/conextur.com\/app\/wp-json\/wp\/v2\/product_tag?post=294"}],"curies":[{"name":"wp","href":"https:\/\/api.w.org\/{rel}","templated":true}]}}