{"id":288,"date":"2025-04-09T12:46:03","date_gmt":"2025-04-09T10:46:03","guid":{"rendered":"https:\/\/conextur.com\/app\/?post_type=product&#038;p=288"},"modified":"2025-05-28T12:39:23","modified_gmt":"2025-05-28T10:39:23","slug":"excursion-a-la-isla-holbox","status":"publish","type":"product","link":"https:\/\/conextur.com\/app\/producto\/excursion-a-la-isla-holbox\/","title":{"rendered":"Excursi\u00f3n a la isla Holbox"},"content":{"rendered":"<p>Tras recogeros en vuestro hotel de Riviera Maya a primera hora de la ma\u00f1ana, nos trasladaremos hasta el puerto de Chiquil\u00e1. Aqu\u00ed subiremos a bordo de una peque\u00f1a embarcaci\u00f3n para comenzar la traves\u00eda hasta la isla Holbox, ubicada en el litoral septentrional del Yucat\u00e1n.<\/p>\n<p>La primera parada de la excursi\u00f3n la haremos en una playa de la costa oeste de Holbox, donde tendr\u00e9is 45 minutos de tiempo libre para tomar el sol caribe\u00f1o.<\/p>\n<p>Dejaremos atr\u00e1s este rinc\u00f3n y nos dirigiremos a Isla Pasi\u00f3n, un peque\u00f1o enclave de playas v\u00edrgenes habitadas por distintas especies de aves. En este precioso para\u00edso tropical tendr\u00e9is tiempo libre para recorrer la zona y relajaros en el mirador, que ofrece unas vistas privilegiadas de la isla.<\/p>\n<p>Seguiremos nuestro recorrido en Punta Mosquito, una impresionante playa virgen a la que solo se puede acceder desde el mar. Adem\u00e1s, entre los meses de marzo y octubre, podremos admirar la gran poblaci\u00f3n de flamencos rosas que han establecido aqu\u00ed su lugar de reproducci\u00f3n y estancia en su paso hacia Am\u00e9rica del Sur.<\/p>\n<p>A continuaci\u00f3n, iremos a reponer fuerzas a un restaurante local a pie de playa. Aqu\u00ed nos deleitaremos con un delicioso almuerzo t\u00edpico de la regi\u00f3n.<\/p>\n<p>Despu\u00e9s de comer, tendr\u00e9is aproximadamente una hora y media de tiempo libre para disfrutar de la playa y visitar el pueblo de Holbox, situado a pocos minutos a pie.<\/p>\n<p>Tras un d\u00eda de ensue\u00f1o disfrutando de la naturaleza y la tranquilidad de la isla Holbox, regresaremos al embarcadero para volver al puerto de Chiquil\u00e1. Desde aqu\u00ed os llevaremos a vuestro hotel.<\/p>\n","protected":false},"excerpt":{"rendered":"<p>En esta excursi\u00f3n descubriremos las paradis\u00edacas playas de la isla Holbox, un espacio natural en la costa norte del Yucat\u00e1n caracterizado por sus espectaculares paisajes y su gran diversidad de aves.<\/p>\n","protected":false},"featured_media":289,"comment_status":"open","ping_status":"closed","template":"","meta":[],"product_brand":[],"product_cat":[122,138],"product_tag":[131],"class_list":{"0":"post-288","1":"product","2":"type-product","3":"status-publish","4":"has-post-thumbnail","6":"product_cat-excursiones","7":"product_cat-riviera-maya","8":"product_tag-excursiones-a-isla-holbox","10":"first","11":"instock","12":"sold-individually","13":"shipping-taxable","14":"purchasable","15":"product-type-booking"},"_links":{"self":[{"href":"https:\/\/conextur.com\/app\/wp-json\/wp\/v2\/product\/288","targetHints":{"allow":["GET"]}}],"collection":[{"href":"https:\/\/conextur.com\/app\/wp-json\/wp\/v2\/product"}],"about":[{"href":"https:\/\/conextur.com\/app\/wp-json\/wp\/v2\/types\/product"}],"replies":[{"embeddable":true,"href":"https:\/\/conextur.com\/app\/wp-json\/wp\/v2\/comments?post=288"}],"wp:featuredmedia":[{"embeddable":true,"href":"https:\/\/conextur.com\/app\/wp-json\/wp\/v2\/media\/289"}],"wp:attachment":[{"href":"https:\/\/conextur.com\/app\/wp-json\/wp\/v2\/media?parent=288"}],"wp:term":[{"taxonomy":"product_brand","embeddable":true,"href":"https:\/\/conextur.com\/app\/wp-json\/wp\/v2\/product_brand?post=288"},{"taxonomy":"product_cat","embeddable":true,"href":"https:\/\/conextur.com\/app\/wp-json\/wp\/v2\/product_cat?post=288"},{"taxonomy":"product_tag","embeddable":true,"href":"https:\/\/conextur.com\/app\/wp-json\/wp\/v2\/product_tag?post=288"}],"curies":[{"name":"wp","href":"https:\/\/api.w.org\/{rel}","templated":true}]}}