{"id":286,"date":"2025-04-09T12:16:21","date_gmt":"2025-04-09T10:16:21","guid":{"rendered":"https:\/\/conextur.com\/app\/?post_type=product&#038;p=286"},"modified":"2025-05-28T12:38:24","modified_gmt":"2025-05-28T10:38:24","slug":"excursion-a-isla-mujeres-en-catamaran","status":"publish","type":"product","link":"https:\/\/conextur.com\/app\/producto\/excursion-a-isla-mujeres-en-catamaran\/","title":{"rendered":"Excursi\u00f3n a Isla Mujeres en catamar\u00e1n"},"content":{"rendered":"<p>A la hora que elij\u00e1is, os recogeremos en vuestro hotel de Riviera Maya y nos dirigiremos hacia el norte, llegando al muelle donde embarcaremos en un lujoso catamar\u00e1n con capacidad para 100 personas. \u00bfPreparados para la traves\u00eda? Navegaremos por el mar Caribe hasta llegar a la paradis\u00edaca Isla Mujeres.<\/p>\n<p>Haremos una parada a mitad de camino para disfrutar de uno de los arrecifes m\u00e1s hermosos no solo del Caribe, sino del mundo. Adem\u00e1s, os ofreceremos todo el equipo necesario para practicar snorkel durante 20 minutos y observar de cerca sus impresionantes corales. Podr\u00e9is admirar la diversidad de vida marina de la zona y, quiz\u00e1s, divisar alg\u00fan tibur\u00f3n a lo lejos. Tendr\u00e9is tambi\u00e9n barra libre a bordo, donde podr\u00e9is disfrutar de un delicioso c\u00f3ctel con ron, tequila, vodka o cerveza, seg\u00fan prefir\u00e1is.<\/p>\n<p>La siguiente parada tendr\u00e1 lugar en la misma Isla Mujeres, todo un para\u00edso del Caribe mexicano. Primero nos dirigiremos a su centro hist\u00f3rico, donde tendr\u00e9is tiempo libre para comprar algunos recuerdos. A continuaci\u00f3n, iremos a un club de playa para disfrutar de un almuerzo t\u00edpico local, que incluye delicias de pescado Tikin Xik, fajitas, ensalada, frijoles, tortillas y mucho m\u00e1s. Esta comida es opcional, por lo que, si lo prefer\u00eds, podr\u00e9is traer vuestro propio almuerzo.<\/p>\n<p>Aprovecharemos las instalaciones del club de playa y sus costas paradis\u00edacas para marcarnos unos bailes. Finalmente, nos subiremos de nuevo al barco para continuar bailando al ritmo de la m\u00fasica mientras navegamos hasta el muelle de partida. \u00a1Que no pare la fiesta!<\/p>\n<p>Finalmente, os llevaremos de vuelta a vuestro hotel tras 10 horas de experiencia.<\/p>\n","protected":false},"excerpt":{"rendered":"<p>Surcaremos las aguas del Caribe a bordo de un catamar\u00e1n y descubriremos un para\u00edso tropical en Isla Mujeres. Adem\u00e1s, con esta excursi\u00f3n podr\u00e9is practicar snorkel en uno de los arrecifes m\u00e1s bellos de la regi\u00f3n.<\/p>\n","protected":false},"featured_media":284,"comment_status":"open","ping_status":"closed","template":"","meta":[],"product_brand":[],"product_cat":[122,138],"product_tag":[130],"class_list":{"0":"post-286","1":"product","2":"type-product","3":"status-publish","4":"has-post-thumbnail","6":"product_cat-excursiones","7":"product_cat-riviera-maya","8":"product_tag-excursiones-a-isla-mujeres","10":"first","11":"instock","12":"sold-individually","13":"shipping-taxable","14":"purchasable","15":"product-type-booking"},"_links":{"self":[{"href":"https:\/\/conextur.com\/app\/wp-json\/wp\/v2\/product\/286","targetHints":{"allow":["GET"]}}],"collection":[{"href":"https:\/\/conextur.com\/app\/wp-json\/wp\/v2\/product"}],"about":[{"href":"https:\/\/conextur.com\/app\/wp-json\/wp\/v2\/types\/product"}],"replies":[{"embeddable":true,"href":"https:\/\/conextur.com\/app\/wp-json\/wp\/v2\/comments?post=286"}],"wp:featuredmedia":[{"embeddable":true,"href":"https:\/\/conextur.com\/app\/wp-json\/wp\/v2\/media\/284"}],"wp:attachment":[{"href":"https:\/\/conextur.com\/app\/wp-json\/wp\/v2\/media?parent=286"}],"wp:term":[{"taxonomy":"product_brand","embeddable":true,"href":"https:\/\/conextur.com\/app\/wp-json\/wp\/v2\/product_brand?post=286"},{"taxonomy":"product_cat","embeddable":true,"href":"https:\/\/conextur.com\/app\/wp-json\/wp\/v2\/product_cat?post=286"},{"taxonomy":"product_tag","embeddable":true,"href":"https:\/\/conextur.com\/app\/wp-json\/wp\/v2\/product_tag?post=286"}],"curies":[{"name":"wp","href":"https:\/\/api.w.org\/{rel}","templated":true}]}}