{"id":283,"date":"2025-04-09T12:04:56","date_gmt":"2025-04-09T10:04:56","guid":{"rendered":"https:\/\/conextur.com\/app\/?post_type=product&#038;p=283"},"modified":"2025-05-28T12:37:58","modified_gmt":"2025-05-28T10:37:58","slug":"excursion-a-isla-contoy-e-isla-mujeres","status":"publish","type":"product","link":"https:\/\/conextur.com\/app\/producto\/excursion-a-isla-contoy-e-isla-mujeres\/","title":{"rendered":"Excursi\u00f3n a Isla Contoy e Isla Mujeres"},"content":{"rendered":"<p>Isla Contoy e Isla Mujeres reflejan a la perfecci\u00f3n los contrastes del Caribe mexicano. Ambas son rincones paradis\u00edacos y muy afamados entre los turistas, pero existen ciertas diferencias.<\/p>\n<p>Isla Mujeres es m\u00e1s grande y est\u00e1 edificada, por lo que dispone de m\u00e1s servicios de ocio y restauraci\u00f3n en primera l\u00ednea de playa. En cambio, Isla Contoy, protegida como Parque Nacional, no cuenta con carreteras. Si busc\u00e1is un remanso de paz donde el asfalto, las calles y el cemento no tiene cabida, \u00e9ste es vuestro lugar.<\/p>\n<p>De hecho, debido a su protecci\u00f3n especial, Isla Contoy solo puede ser visitada en grupos organizados y existe un aforo m\u00e1ximo para preservar la tranquilidad de la flora y fauna local. Visitar ambos para\u00edsos en un mismo d\u00eda es perfecto para conocer las dos caras del Caribe.<\/p>\n","protected":false},"excerpt":{"rendered":"<p>Adentraos en el aut\u00e9ntico Caribe mexicano y explorad una de las barreras de coral m\u00e1s grandes del mundo en esta excursi\u00f3n a Isla Contoy e Isla Mujeres.<\/p>\n","protected":false},"featured_media":284,"comment_status":"open","ping_status":"closed","template":"","meta":[],"product_brand":[],"product_cat":[122,138],"product_tag":[129],"class_list":{"0":"post-283","1":"product","2":"type-product","3":"status-publish","4":"has-post-thumbnail","6":"product_cat-excursiones","7":"product_cat-riviera-maya","8":"product_tag-excursiones-a-isla-contoy","10":"first","11":"instock","12":"sold-individually","13":"shipping-taxable","14":"purchasable","15":"product-type-booking"},"_links":{"self":[{"href":"https:\/\/conextur.com\/app\/wp-json\/wp\/v2\/product\/283","targetHints":{"allow":["GET"]}}],"collection":[{"href":"https:\/\/conextur.com\/app\/wp-json\/wp\/v2\/product"}],"about":[{"href":"https:\/\/conextur.com\/app\/wp-json\/wp\/v2\/types\/product"}],"replies":[{"embeddable":true,"href":"https:\/\/conextur.com\/app\/wp-json\/wp\/v2\/comments?post=283"}],"wp:featuredmedia":[{"embeddable":true,"href":"https:\/\/conextur.com\/app\/wp-json\/wp\/v2\/media\/284"}],"wp:attachment":[{"href":"https:\/\/conextur.com\/app\/wp-json\/wp\/v2\/media?parent=283"}],"wp:term":[{"taxonomy":"product_brand","embeddable":true,"href":"https:\/\/conextur.com\/app\/wp-json\/wp\/v2\/product_brand?post=283"},{"taxonomy":"product_cat","embeddable":true,"href":"https:\/\/conextur.com\/app\/wp-json\/wp\/v2\/product_cat?post=283"},{"taxonomy":"product_tag","embeddable":true,"href":"https:\/\/conextur.com\/app\/wp-json\/wp\/v2\/product_tag?post=283"}],"curies":[{"name":"wp","href":"https:\/\/api.w.org\/{rel}","templated":true}]}}