{"id":278,"date":"2025-04-09T11:51:25","date_gmt":"2025-04-09T09:51:25","guid":{"rendered":"https:\/\/conextur.com\/app\/?post_type=product&#038;p=278"},"modified":"2025-05-28T12:36:56","modified_gmt":"2025-05-28T10:36:56","slug":"excursion-a-chichen-itza-coba-y-cenote-ik-kil","status":"publish","type":"product","link":"https:\/\/conextur.com\/app\/producto\/excursion-a-chichen-itza-coba-y-cenote-ik-kil\/","title":{"rendered":"Excursi\u00f3n a Chich\u00e9n Itz\u00e1, Cob\u00e1 y cenote Ik-Kil"},"content":{"rendered":"<p>A la hora indicada, pasaremos a recogeros por vuestro hotel. Desde all\u00ed, pondremos rumbo hacia Chich\u00e9n Itz\u00e1, el sitio arqueol\u00f3gico m\u00e1s famoso de M\u00e9xico.<\/p>\n<p>Cuando lleguemos a Chich\u00e9n Itz\u00e1, empezaremos a conocer de primera mano el vestigio m\u00e1s importante y renombrado de la civilizaci\u00f3n maya. \u00bfSab\u00edais que en 1988 fue declarado Patrimonio de la Humanidad por la Unesco? Adem\u00e1s, desde 2007 fue elegida como una de las Siete Maravillas del Mundo Moderno. \u00a1No es para menos!<\/p>\n<p>Mientras os desvelamos sus leyendas y curiosidades, recorreremos los puntos m\u00e1s importantes de Chich\u00e9n Itz\u00e1: la m\u00edtica pir\u00e1mide de Kukulc\u00e1n y el templo de los guerreros, el templo de Venus, el Juego de Pelota&#8230; \u00a1No parar\u00e9is de aprender! Despu\u00e9s de la visita, os dejaremos una hora de tiempo libre para que recorr\u00e1is la zona a vuestro ritmo.<\/p>\n<p>Despu\u00e9s, nos desplazaremos hasta el cenote Ik-Kil\u200b, el m\u00e1s famoso de la pen\u00ednsula de Yucat\u00e1n. All\u00ed dispondr\u00e9is de 45 minutos de tiempo libre para ba\u00f1aros en sus aguas de color turquesa. \u00a1Creer\u00e9is que est\u00e1is en el para\u00edso! Tras este momento de relax, repondremos fuerzas con un delicioso almuerzo tipo buffet.<\/p>\n<p>A continuaci\u00f3n, pondremos rumbo a la siguiente parada de la excursi\u00f3n: la zona arqueol\u00f3gica de Cob\u00e1. All\u00ed realizaremos una visita guiada en la que nos maravillaremos con sus impresionantes ruinas. Incluso veremos desde la base el Nohoch Mul, la pir\u00e1mide maya m\u00e1s alta del Yucat\u00e1n.<\/p>\n<p>Finalizaremos la excursi\u00f3n regresando a vuestro hotel, donde la llegada est\u00e1 prevista 10 horas despu\u00e9s de la recogida.<\/p>\n","protected":false},"excerpt":{"rendered":"<p>En esta excursi\u00f3n a Chich\u00e9n Itz\u00e1, Cob\u00e1 y el cenote Ik-Kil descubriremos los secretos de los dos yacimientos arqueol\u00f3gicos m\u00e1s importantes de la pen\u00ednsula de Yucat\u00e1n. Adem\u00e1s, podr\u00e9is ba\u00f1aros en un lugar completamente m\u00e1gico.<\/p>\n","protected":false},"featured_media":213,"comment_status":"open","ping_status":"closed","template":"","meta":[],"product_brand":[],"product_cat":[122,138],"product_tag":[123],"class_list":{"0":"post-278","1":"product","2":"type-product","3":"status-publish","4":"has-post-thumbnail","6":"product_cat-excursiones","7":"product_cat-riviera-maya","8":"product_tag-excursiones-a-chichen","10":"first","11":"instock","12":"sold-individually","13":"shipping-taxable","14":"purchasable","15":"product-type-booking"},"_links":{"self":[{"href":"https:\/\/conextur.com\/app\/wp-json\/wp\/v2\/product\/278","targetHints":{"allow":["GET"]}}],"collection":[{"href":"https:\/\/conextur.com\/app\/wp-json\/wp\/v2\/product"}],"about":[{"href":"https:\/\/conextur.com\/app\/wp-json\/wp\/v2\/types\/product"}],"replies":[{"embeddable":true,"href":"https:\/\/conextur.com\/app\/wp-json\/wp\/v2\/comments?post=278"}],"wp:featuredmedia":[{"embeddable":true,"href":"https:\/\/conextur.com\/app\/wp-json\/wp\/v2\/media\/213"}],"wp:attachment":[{"href":"https:\/\/conextur.com\/app\/wp-json\/wp\/v2\/media?parent=278"}],"wp:term":[{"taxonomy":"product_brand","embeddable":true,"href":"https:\/\/conextur.com\/app\/wp-json\/wp\/v2\/product_brand?post=278"},{"taxonomy":"product_cat","embeddable":true,"href":"https:\/\/conextur.com\/app\/wp-json\/wp\/v2\/product_cat?post=278"},{"taxonomy":"product_tag","embeddable":true,"href":"https:\/\/conextur.com\/app\/wp-json\/wp\/v2\/product_tag?post=278"}],"curies":[{"name":"wp","href":"https:\/\/api.w.org\/{rel}","templated":true}]}}