{"id":343,"date":"2025-04-10T10:55:11","date_gmt":"2025-04-10T08:55:11","guid":{"rendered":"https:\/\/conextur.com\/app\/?page_id=343"},"modified":"2025-05-21T12:34:16","modified_gmt":"2025-05-21T10:34:16","slug":"terminos-y-condiciones","status":"publish","type":"page","link":"https:\/\/conextur.com\/app\/terminos-y-condiciones\/","title":{"rendered":"T\u00e9rminos y Condiciones de Uso de Conextur"},"content":{"rendered":"<h2 class=\"\" data-start=\"1914\" data-end=\"1960\">T\u00e9rminos y Condiciones de Uso de Conextur<\/h2>\n<h3 class=\"\" data-start=\"1962\" data-end=\"1998\">1. Objeto y \u00c1mbito de Aplicaci\u00f3n<\/h3>\n<p class=\"\" data-start=\"2000\" data-end=\"2233\">Los presentes T\u00e9rminos regulan el acceso y uso de la plataforma Conextur por parte de los usuarios (agencias, proveedores, viajeros u organizadores de grupos). Al registrarse o usar los servicios, el usuario acepta estas condiciones.<\/p>\n<hr class=\"\" data-start=\"2235\" data-end=\"2238\" \/>\n<h3 class=\"\" data-start=\"2240\" data-end=\"2264\">2. Registro y Acceso<\/h3>\n<p class=\"\" data-start=\"2266\" data-end=\"2494\">Para acceder a ciertas funciones es necesario registrarse como usuario. El usuario se compromete a proporcionar informaci\u00f3n veraz y mantenerla actualizada. Est\u00e1 prohibido suplantar a otras personas o utilizar identidades falsas.<\/p>\n<hr class=\"\" data-start=\"2496\" data-end=\"2499\" \/>\n<h3 class=\"\" data-start=\"2501\" data-end=\"2538\">3. Funcionamiento del Marketplace<\/h3>\n<ul data-start=\"2540\" data-end=\"2876\">\n<li class=\"\" data-start=\"2540\" data-end=\"2636\">\n<p class=\"\" data-start=\"2542\" data-end=\"2636\"><strong data-start=\"2542\" data-end=\"2566\">Usuarios compradores<\/strong>: pueden buscar, comparar y reservar productos o servicios tur\u00edsticos.<\/p>\n<\/li>\n<li class=\"\" data-start=\"2637\" data-end=\"2742\">\n<p class=\"\" data-start=\"2639\" data-end=\"2742\"><strong data-start=\"2639\" data-end=\"2654\">Proveedores<\/strong>: pueden publicar y gestionar sus propios productos y servicios bajo su responsabilidad.<\/p>\n<\/li>\n<li class=\"\" data-start=\"2743\" data-end=\"2876\">\n<p class=\"\" data-start=\"2745\" data-end=\"2876\">Conextur act\u00faa como <strong data-start=\"2765\" data-end=\"2790\">intermediario digital<\/strong>, facilitando la relaci\u00f3n entre ambas partes, sin ser parte directa de la transacci\u00f3n.<\/p>\n<\/li>\n<\/ul>\n<hr class=\"\" data-start=\"2878\" data-end=\"2881\" \/>\n<h3 class=\"\" data-start=\"2883\" data-end=\"2918\">4. Obligaciones de los usuarios<\/h3>\n<p class=\"\" data-start=\"2920\" data-end=\"2956\">Todos los usuarios se comprometen a:<\/p>\n<ul data-start=\"2958\" data-end=\"3146\">\n<li class=\"\" data-start=\"2958\" data-end=\"3016\">\n<p class=\"\" data-start=\"2960\" data-end=\"3016\">Usar la plataforma conforme a la ley y a estos T\u00e9rminos.<\/p>\n<\/li>\n<li class=\"\" data-start=\"3017\" data-end=\"3074\">\n<p class=\"\" data-start=\"3019\" data-end=\"3074\">No subir contenidos ilegales, ofensivos o fraudulentos.<\/p>\n<\/li>\n<li class=\"\" data-start=\"3075\" data-end=\"3146\">\n<p class=\"\" data-start=\"3077\" data-end=\"3146\">No utilizar la plataforma para actividades no autorizadas o il\u00edcitas.<\/p>\n<\/li>\n<\/ul>\n<hr class=\"\" data-start=\"3148\" data-end=\"3151\" \/>\n<h3 class=\"\" data-start=\"3153\" data-end=\"3177\">5. Responsabilidades<\/h3>\n<ul data-start=\"3179\" data-end=\"3508\">\n<li class=\"\" data-start=\"3179\" data-end=\"3310\">\n<p class=\"\" data-start=\"3181\" data-end=\"3310\">Conextur no ser\u00e1 responsable de la calidad, veracidad, disponibilidad o ejecuci\u00f3n de los servicios ofrecidos por los proveedores.<\/p>\n<\/li>\n<li class=\"\" data-start=\"3311\" data-end=\"3399\">\n<p class=\"\" data-start=\"3313\" data-end=\"3399\">El proveedor es responsable de cumplir con las condiciones ofrecidas al usuario final.<\/p>\n<\/li>\n<li class=\"\" data-start=\"3400\" data-end=\"3508\">\n<p class=\"\" data-start=\"3402\" data-end=\"3508\">En caso de conflicto entre usuarios y proveedores, Conextur podr\u00e1 mediar pero no ser\u00e1 responsable directo.<\/p>\n<\/li>\n<\/ul>\n<hr class=\"\" data-start=\"3510\" data-end=\"3513\" \/>\n<h3 class=\"\" data-start=\"3515\" data-end=\"3553\">6. Pol\u00edtica de Cancelaci\u00f3n y Pagos<\/h3>\n<ul data-start=\"3555\" data-end=\"3790\">\n<li class=\"\" data-start=\"3555\" data-end=\"3682\">\n<p class=\"\" data-start=\"3557\" data-end=\"3682\">Las condiciones de pago, cancelaci\u00f3n y reembolso son establecidas por cada proveedor y visibles antes de realizar la reserva.<\/p>\n<\/li>\n<li class=\"\" data-start=\"3683\" data-end=\"3790\">\n<p class=\"\" data-start=\"3685\" data-end=\"3790\">Conextur puede retener comisiones por el uso de la plataforma, notificadas previamente a los proveedores.<\/p>\n<\/li>\n<\/ul>\n<hr class=\"\" data-start=\"3792\" data-end=\"3795\" \/>\n<h3 class=\"\" data-start=\"3797\" data-end=\"3839\">7. Suspensi\u00f3n y eliminaci\u00f3n de cuentas<\/h3>\n<p class=\"\" data-start=\"3841\" data-end=\"3987\">Conextur se reserva el derecho a suspender o cancelar cuentas que incumplan estas condiciones, o que realicen actividades fraudulentas o ilegales.<\/p>\n<hr class=\"\" data-start=\"3989\" data-end=\"3992\" \/>\n<h3 class=\"\" data-start=\"3994\" data-end=\"4015\">8. Modificaciones<\/h3>\n<p class=\"\" data-start=\"4017\" data-end=\"4188\">Conextur puede modificar estos T\u00e9rminos y Condiciones. En caso de cambios relevantes, se informar\u00e1 a los usuarios para que puedan aceptarlos o dejar de usar la plataforma.<\/p>\n<hr class=\"\" data-start=\"4190\" data-end=\"4193\" \/>\n<h3 class=\"\" data-start=\"4195\" data-end=\"4238\">9. Legislaci\u00f3n aplicable y jurisdicci\u00f3n<\/h3>\n<p class=\"\" data-start=\"4240\" data-end=\"4434\">Estos T\u00e9rminos se rigen por la legislaci\u00f3n espa\u00f1ola. En caso de conflicto, las partes se someten a los Juzgados y Tribunales de Barcelona, salvo que la normativa aplicable establezca otro fuero.<\/p>\n","protected":false},"excerpt":{"rendered":"<p>T\u00e9rminos y Condiciones de Uso de Conextur 1. Objeto y \u00c1mbito de Aplicaci\u00f3n Los presentes T\u00e9rminos regulan el acceso y uso de la plataforma Conextur por parte de los usuarios (agencias, proveedores, viajeros u organizadores de grupos). Al registrarse o usar los servicios, el usuario acepta estas condiciones. 2. Registro y Acceso Para acceder a &#8230; <a title=\"T\u00e9rminos y Condiciones de Uso de Conextur\" class=\"read-more\" href=\"https:\/\/conextur.com\/app\/terminos-y-condiciones\/\">Seguir leyendo<span class=\"screen-reader-text\">T\u00e9rminos y Condiciones de Uso de Conextur<\/span><\/a><\/p>\n","protected":false},"author":1,"featured_media":0,"parent":0,"menu_order":0,"comment_status":"closed","ping_status":"closed","template":"","meta":{"footnotes":""},"class_list":["post-343","page","type-page","status-publish"],"_links":{"self":[{"href":"https:\/\/conextur.com\/app\/wp-json\/wp\/v2\/pages\/343","targetHints":{"allow":["GET"]}}],"collection":[{"href":"https:\/\/conextur.com\/app\/wp-json\/wp\/v2\/pages"}],"about":[{"href":"https:\/\/conextur.com\/app\/wp-json\/wp\/v2\/types\/page"}],"author":[{"embeddable":true,"href":"https:\/\/conextur.com\/app\/wp-json\/wp\/v2\/users\/1"}],"replies":[{"embeddable":true,"href":"https:\/\/conextur.com\/app\/wp-json\/wp\/v2\/comments?post=343"}],"version-history":[{"count":2,"href":"https:\/\/conextur.com\/app\/wp-json\/wp\/v2\/pages\/343\/revisions"}],"predecessor-version":[{"id":590,"href":"https:\/\/conextur.com\/app\/wp-json\/wp\/v2\/pages\/343\/revisions\/590"}],"wp:attachment":[{"href":"https:\/\/conextur.com\/app\/wp-json\/wp\/v2\/media?parent=343"}],"curies":[{"name":"wp","href":"https:\/\/api.w.org\/{rel}","templated":true}]}}