{"id":341,"date":"2025-04-10T10:53:51","date_gmt":"2025-04-10T08:53:51","guid":{"rendered":"https:\/\/conextur.com\/app\/?page_id=341"},"modified":"2025-04-10T10:53:51","modified_gmt":"2025-04-10T08:53:51","slug":"aviso-legal","status":"publish","type":"page","link":"https:\/\/conextur.com\/app\/aviso-legal\/","title":{"rendered":"Aviso Legal"},"content":{"rendered":"<h2 class=\"\" data-start=\"233\" data-end=\"262\">Aviso Legal de Conextur<\/h2>\n<h3 class=\"\" data-start=\"264\" data-end=\"288\">1. Datos del Titular<\/h3>\n<p class=\"\" data-start=\"290\" data-end=\"472\">En cumplimiento con el art\u00edculo 10 de la Ley 34\/2002, de Servicios de la Sociedad de la Informaci\u00f3n y Comercio Electr\u00f3nico (LSSICE), se informa que esta plataforma es titularidad de:<\/p>\n<p class=\"\" data-start=\"474\" data-end=\"661\"><strong data-start=\"474\" data-end=\"491\">Raz\u00f3n social:<\/strong> Evolvedge SL<br data-start=\"504\" data-end=\"507\" \/><strong data-start=\"507\" data-end=\"515\">CIF:<\/strong> B66940859<br data-start=\"525\" data-end=\"528\" \/><strong data-start=\"528\" data-end=\"563\">Correo electr\u00f3nico de contacto:<\/strong> <a rel=\"noopener\" data-start=\"564\" data-end=\"581\">info@conextur.com<\/a><br data-start=\"581\" data-end=\"584\" \/>\n<\/p>\n<hr class=\"\" data-start=\"663\" data-end=\"666\" \/>\n<h3 class=\"\" data-start=\"668\" data-end=\"681\">2. Objeto<\/h3>\n<p class=\"\" data-start=\"683\" data-end=\"957\">El presente Aviso Legal regula el acceso, navegaci\u00f3n y uso de la plataforma Conextur, disponible en formato web, Android e iOS, propiedad de Evolvedge SL. El uso de esta plataforma implica la aceptaci\u00f3n plena y sin reservas de las disposiciones contenidas en este documento.<\/p>\n<hr class=\"\" data-start=\"959\" data-end=\"962\" \/>\n<h3 class=\"\" data-start=\"964\" data-end=\"1005\">3. Propiedad Intelectual e Industrial<\/h3>\n<p class=\"\" data-start=\"1007\" data-end=\"1189\">Todos los contenidos de Conextur (dise\u00f1o, textos, im\u00e1genes, logotipos, software, bases de datos, etc.) son propiedad de Evolvedge SL o cuentan con la correspondiente licencia de uso.<\/p>\n<p class=\"\" data-start=\"1191\" data-end=\"1315\">Est\u00e1 prohibida su reproducci\u00f3n, distribuci\u00f3n, comunicaci\u00f3n p\u00fablica o transformaci\u00f3n sin la autorizaci\u00f3n expresa del titular.<\/p>\n<hr class=\"\" data-start=\"1317\" data-end=\"1320\" \/>\n<h3 class=\"\" data-start=\"1322\" data-end=\"1344\">4. Responsabilidad<\/h3>\n<p class=\"\" data-start=\"1346\" data-end=\"1631\">Evolvedge SL no se hace responsable del uso indebido que puedan hacer los usuarios de la plataforma ni de los contenidos compartidos por terceros (como proveedores). Se reserva el derecho a eliminar o bloquear cualquier contenido que infrinja derechos de terceros o normativas legales.<\/p>\n<hr class=\"\" data-start=\"1633\" data-end=\"1636\" \/>\n<h3 class=\"\" data-start=\"1638\" data-end=\"1671\">5. Legislaci\u00f3n y Jurisdicci\u00f3n<\/h3>\n<p class=\"\" data-start=\"1673\" data-end=\"1907\">Este Aviso Legal se rige por la legislaci\u00f3n espa\u00f1ola. En caso de conflicto, las partes se someter\u00e1n a los Juzgados y Tribunales de Barcelona, salvo que la normativa de protecci\u00f3n al consumidor establezca otra jurisdicci\u00f3n obligatoria.<\/p>\n","protected":false},"excerpt":{"rendered":"<p>Aviso Legal de Conextur 1. Datos del Titular En cumplimiento con el art\u00edculo 10 de la Ley 34\/2002, de Servicios de la Sociedad de la Informaci\u00f3n y Comercio Electr\u00f3nico (LSSICE), se informa que esta plataforma es titularidad de: Raz\u00f3n social: Evolvedge SLCIF: B66940859Correo electr\u00f3nico de contacto: info@conextur.com 2. Objeto El presente Aviso Legal regula el &#8230; <a title=\"Aviso Legal\" class=\"read-more\" href=\"https:\/\/conextur.com\/app\/aviso-legal\/\">Seguir leyendo<span class=\"screen-reader-text\">Aviso Legal<\/span><\/a><\/p>\n","protected":false},"author":1,"featured_media":0,"parent":0,"menu_order":0,"comment_status":"closed","ping_status":"closed","template":"","meta":{"footnotes":""},"class_list":["post-341","page","type-page","status-publish"],"_links":{"self":[{"href":"https:\/\/conextur.com\/app\/wp-json\/wp\/v2\/pages\/341","targetHints":{"allow":["GET"]}}],"collection":[{"href":"https:\/\/conextur.com\/app\/wp-json\/wp\/v2\/pages"}],"about":[{"href":"https:\/\/conextur.com\/app\/wp-json\/wp\/v2\/types\/page"}],"author":[{"embeddable":true,"href":"https:\/\/conextur.com\/app\/wp-json\/wp\/v2\/users\/1"}],"replies":[{"embeddable":true,"href":"https:\/\/conextur.com\/app\/wp-json\/wp\/v2\/comments?post=341"}],"version-history":[{"count":1,"href":"https:\/\/conextur.com\/app\/wp-json\/wp\/v2\/pages\/341\/revisions"}],"predecessor-version":[{"id":342,"href":"https:\/\/conextur.com\/app\/wp-json\/wp\/v2\/pages\/341\/revisions\/342"}],"wp:attachment":[{"href":"https:\/\/conextur.com\/app\/wp-json\/wp\/v2\/media?parent=341"}],"curies":[{"name":"wp","href":"https:\/\/api.w.org\/{rel}","templated":true}]}}